{"id":803,"date":"2025-10-21T16:43:29","date_gmt":"2025-10-21T16:43:29","guid":{"rendered":"https:\/\/wearin.tech\/?page_id=803"},"modified":"2025-12-10T07:58:54","modified_gmt":"2025-12-10T07:58:54","slug":"foresight-first-responder-european-project","status":"publish","type":"page","link":"https:\/\/wearin.tech\/fr\/foresight-first-responder-european-project\/","title":{"rendered":"ForeSight"},"content":{"rendered":"<section class=\"page-hero2-section\" style=\"background-image: url(https:\/\/wearin.tech\/wp-content\/uploads\/2025\/11\/header_static_2560x1440_FORESIGHT.webp);\">\r\n        <div class=\"container\">\r\n        <div class=\"row align-items-end half-height\">\r\n            <div class=\"col-lg-10\">\r\n                <div class=\"section-title\"><h6>Projet FORESIGHT<\/h6><h1>TRANSFORMER LA R\u00c9PONSE AUX URGENCES AVEC <blue>DES TECHNOLOGIES SUR MESURE<\/blue><\/h1><p>Wearin\u2019 est un partenaire associ\u00e9 du projet ForeSight, une initiative du programme Horizon Europe (101168521) visant \u00e0 am\u00e9liorer la gestion des risques de catastrophe gr\u00e2ce \u00e0 des solutions innovantes pour la navigation et la logistique du dernier kilom\u00e8tre. Cet effort de collaboration, dirig\u00e9 par l'Agence f\u00e9d\u00e9rale allemande pour les secours techniques (THW), r\u00e9unit des organisations de premier plan de Bulgarie, de Chypre, d'Allemagne, de Gr\u00e8ce, d'Italie, des Pays-Bas, de Suisse et de Turquie afin d'am\u00e9liorer les capacit\u00e9s de r\u00e9action aux situations d'urgence dans toute l'Europe.<\/p><\/div>            <\/div>\r\n        <\/div>\r\n    <\/div>\r\n<\/section>\n\n<section class=\"content-single-section\">\r\n    <div class=\"container\">\r\n        <div class=\"row justify-content-center\">\r\n            <div class=\"col-lg-8\"><div class=\"text-block\"><h1 style=\"text-align: center;\">Relever les d\u00e9fis pos\u00e9s par les catastrophes modernes<\/h1>\n<p>Avec le changement climatique et l'expansion urbaine qui intensifient les risques de catastrophes urbaines et d'incendies de for\u00eat, les premiers intervenants sont confront\u00e9s \u00e0 des difficult\u00e9s croissantes pour naviguer dans des environnements \u00e0 faible visibilit\u00e9. Le projet ForeSight d\u00e9veloppe des outils de pointe \u00e9conomiques pour am\u00e9liorer les capacit\u00e9s d'intervention en am\u00e9liorant la visibilit\u00e9 \u00e0 travers la fum\u00e9e, le feu et la poussi\u00e8re, en renfor\u00e7ant la connaissance de la situation et en optimisant la logistique du dernier kilom\u00e8tre dans les zones sinistr\u00e9es.<\/p>\n<p>Le projet est \u00e0 l'origine du d\u00e9veloppement d'un LiDAR infrarouge \u00e0 ondes longues (LWIR) r\u00e9volutionnaire utilisant des lasers \u00e0 cascade quantique (QCL) pour permettre l'imagerie dans des conditions de faible visibilit\u00e9 tout en att\u00e9nuant les interf\u00e9rences dues au rayonnement des incendies.<\/p>\n<p>D'autres progr\u00e8s ont \u00e9t\u00e9 r\u00e9alis\u00e9s :<\/p>\n<ul>\n<li>Imagerie Flash LiDAR dans le spectre visible pour l'acquisition rapide de donn\u00e9es 3D ;<\/li>\n<li>LiDAR coh\u00e9rent SWIR avec boucle optique \u00e0 verrouillage de phase (OPLL) pour des performances et une fiabilit\u00e9 accrues ;<\/li>\n<li>Fusion avanc\u00e9e de donn\u00e9es LiDAR pour am\u00e9liorer la navigation et l'extraction de caract\u00e9ristiques ;<\/li>\n<li>Illuminateurs et capteurs d'imagerie LWIR \u00e0 laser haute puissance pour p\u00e9n\u00e9trer les obstacles tels que la fum\u00e9e, le brouillard et la poussi\u00e8re ;<\/li>\n<li>Balises MWIR ultra-haute puissance avec lasers \u00e0 cascade quantique (QCL) pour une localisation pr\u00e9cise de l'\u00e9quipe et un partage de l'\u00e9tat de la situation ;<\/li>\n<li>Int\u00e9gration des technologies ForeSight dans les \u00e9quipements et les v\u00e9hicules des intervenants pour un soutien op\u00e9rationnel en temps r\u00e9el.<\/li>\n<\/ul>\n<p>&nbsp;<\/p>\n<\/div><\/div><div class=\"col-lg-8\"><div class=\"video-block\"><div class=\"video-holder\"><video width=\"320\" height=\"240\" controls playsinline><source src=\"https:\/\/wearin.tech\/wp-content\/uploads\/2025\/11\/Project-Foresight.mp4\" type=\"video\/mp4\">Votre navigateur ne prend pas en charge la balise vid\u00e9o.<\/video><\/div><\/div><\/div>        <\/div>\r\n        <div class=\"row justify-content-center\">\r\n            <div class=\"col-lg-11\">\r\n                <div class=\"line\"><\/div>\r\n            <\/div>\r\n        <\/div>\r\n    <\/div>\r\n<\/section>\n\n<section class=\"events-section\" id=\"\">\r\n    <div class=\"container\">\r\n        <div class=\"row\">\r\n            <div class=\"col-lg-12\">\r\n                <div class=\"section-title\"><h2>NOUVELLES<\/h2><\/div>            <\/div>\r\n        <\/div>\r\n        <div class=\"row\">\r\n            <div class=\"col-lg-4 spacer\"><div class=\"event-box\"><a href=\"https:\/\/foresight-project.eu\/project-foresight-kick-off-meeting-launches-new-era-in-disaster-response-and-last-kilometer-logistics\/\" target=\"_blank\"><div class=\"event-img\" style=\"background-image: url(https:\/\/wearin.tech\/wp-content\/uploads\/2025\/11\/press2.jpg);\"><\/div><\/a><div class=\"event-body\"><h4>R\u00e9union de lancement du projet ForeSight<\/h4><ul><li>octobre 2024<\/li><\/ul><p>La r\u00e9union de lancement du projet ForeSight ouvre une nouvelle \u00e8re dans la r\u00e9ponse aux catastrophes et la logistique du dernier kilom\u00e8tre<\/p><a class=\"c-btn light-btn\" href=\"https:\/\/foresight-project.eu\/project-foresight-kick-off-meeting-launches-new-era-in-disaster-response-and-last-kilometer-logistics\/\" target=\"_blank\">En savoir plus<\/a><\/div><\/div><\/div><div class=\"col-lg-4 spacer\"><div class=\"event-box\"><a href=\"https:\/\/foresight-project.eu\/launch-of-project-foresight-improving-last-kilometer-navigation-transportation-in-challenging-environments\/\" target=\"_blank\"><div class=\"event-img\" style=\"background-image: url(https:\/\/wearin.tech\/wp-content\/uploads\/2025\/10\/foresight_4.webp);\"><\/div><\/a><div class=\"event-body\"><h4>Lancement du projet ForeSight<\/h4><ul><li>octobre 2024<\/li><\/ul><p>Am\u00e9liorer la navigation et le transport au dernier kilom\u00e8tre dans des environnements difficiles<\/p><a class=\"c-btn light-btn\" href=\"https:\/\/foresight-project.eu\/launch-of-project-foresight-improving-last-kilometer-navigation-transportation-in-challenging-environments\/\" target=\"_blank\">En savoir plus<\/a><\/div><\/div><\/div><div class=\"col-lg-4 spacer\"><div class=\"event-box\"><a href=\"https:\/\/foresight-project.eu\/new-horizon-europe-project-launch-project-foresight\/\" target=\"_blank\"><div class=\"event-img\" style=\"background-image: url(https:\/\/wearin.tech\/wp-content\/uploads\/2025\/11\/foresight_3.jpg);\"><\/div><\/a><div class=\"event-body\"><h4>\u00c0 propos du projet ForeSight<\/h4><ul><li>octobre 2024<\/li><\/ul><p>Lancement du projet New Horizon Europe : Projet ForeSight<\/p><a class=\"c-btn light-btn\" href=\"https:\/\/foresight-project.eu\/new-horizon-europe-project-launch-project-foresight\/\" target=\"_blank\">En savoir plus<\/a><\/div><\/div><\/div>        <\/div>\r\n    <\/div>\r\n<\/section>\n\n<section class=\"content-single-section\">\r\n    <div class=\"container\">\r\n        <div class=\"row justify-content-center\">\r\n            <div class=\"col-lg-8\"><div class=\"text-block\"><h1 style=\"text-align: center;\">Consortium<\/h1>\n<p style=\"text-align: center;\">Le consortium du projet ForeSight est compos\u00e9 de membres s\u00e9lectionn\u00e9s qui couvrent collectivement tous les domaines essentiels de la recherche et du d\u00e9veloppement.<\/p>\n<p style=\"text-align: center;\">Coordonn\u00e9 par l'Agence f\u00e9d\u00e9rale allemande pour l'assistance technique (THW), ce projet novateur r\u00e9unit des organisations de premier plan de toute l'Europe, avec des partenaires de Bulgarie, de Chypre, d'Allemagne, de Gr\u00e8ce, d'Italie, des Pays-Bas, de Suisse et de Turquie.<\/p>\n<p>&nbsp;<\/p>\n<p>&nbsp;<\/p>\n<\/div><\/div><div class=\"col-lg-8\"><div class=\"logos-block\"><div class=\"images-box\"><img decoding=\"async\" src=\"https:\/\/wearin.tech\/wp-content\/uploads\/2025\/10\/Wearin-1-1024x628-1.webp\" alt=\"\" \/><\/div><div class=\"images-box\"><img decoding=\"async\" src=\"https:\/\/wearin.tech\/wp-content\/uploads\/2025\/10\/ASTRIAL-GmbH-1024x628-1.webp\" alt=\"\" \/><\/div><div class=\"images-box\"><img decoding=\"async\" src=\"https:\/\/wearin.tech\/wp-content\/uploads\/2025\/10\/THW-1-1024x628-1.webp\" alt=\"\" \/><\/div><div class=\"images-box\"><img decoding=\"async\" src=\"https:\/\/wearin.tech\/wp-content\/uploads\/2025\/10\/AAHD-scaled.webp\" alt=\"\" \/><\/div><div class=\"images-box\"><img decoding=\"async\" src=\"https:\/\/wearin.tech\/wp-content\/uploads\/2025\/10\/Alpes-scaled.webp\" alt=\"\" \/><\/div><div class=\"images-box\"><img decoding=\"async\" src=\"https:\/\/wearin.tech\/wp-content\/uploads\/2025\/10\/altus.jpg-copy-scaled.webp\" alt=\"\" \/><\/div><div class=\"images-box\"><img decoding=\"async\" src=\"https:\/\/wearin.tech\/wp-content\/uploads\/2025\/10\/ETH-Zurich-copy-scaled.webp\" alt=\"\" \/><\/div><div class=\"images-box\"><img decoding=\"async\" src=\"https:\/\/wearin.tech\/wp-content\/uploads\/2025\/10\/cnr_logo.jpg-copy-scaled.webp\" alt=\"\" \/><\/div><div class=\"images-box\"><img decoding=\"async\" src=\"https:\/\/wearin.tech\/wp-content\/uploads\/2025\/10\/CSEM-copy-scaled.webp\" alt=\"\" \/><\/div><div class=\"images-box\"><img decoding=\"async\" src=\"https:\/\/wearin.tech\/wp-content\/uploads\/2025\/10\/dipa_logo.jpg-copy-scaled.webp\" alt=\"\" \/><\/div><div class=\"images-box\"><img decoding=\"async\" src=\"https:\/\/wearin.tech\/wp-content\/uploads\/2025\/10\/Gezamenlijke-Brandweer-copy-scaled.webp\" alt=\"\" \/><\/div><div class=\"images-box\"><img decoding=\"async\" src=\"https:\/\/wearin.tech\/wp-content\/uploads\/2025\/10\/Insait-copy-scaled.webp\" alt=\"\" \/><\/div><div class=\"images-box\"><img decoding=\"async\" src=\"https:\/\/wearin.tech\/wp-content\/uploads\/2025\/10\/Poa-scaled.webp\" alt=\"\" \/><\/div><div class=\"images-box\"><img decoding=\"async\" src=\"https:\/\/wearin.tech\/wp-content\/uploads\/2025\/10\/Untitled-2-copy-scaled.webp\" alt=\"\" \/><\/div><\/div><\/div>        <\/div>\r\n        <div class=\"row justify-content-center\">\r\n            <div class=\"col-lg-11\">\r\n                <div class=\"line\"><\/div>\r\n            <\/div>\r\n        <\/div>\r\n    <\/div>\r\n<\/section>\n\n<section class=\"content-1-section\" id=\"\">\r\n    <div class=\"container\">\r\n        <div class=\"row align-items-center\">\r\n            <div class=\"col-lg-6\">\r\n                <div class=\"text-block\"><h2>Perspectives d'avenir<\/h2><p>Pour atteindre ses objectifs ambitieux et relever les d\u00e9fis qui ont conduit \u00e0 sa cr\u00e9ation, ForeSight a d\u00e9fini une s\u00e9rie d'objectifs strat\u00e9giques, technologiques, scientifiques, politiques et soci\u00e9taux. La mission centrale est d'am\u00e9liorer la r\u00e9silience de l'UE et de r\u00e9duire la vuln\u00e9rabilit\u00e9 de la soci\u00e9t\u00e9 face aux incendies urbains et de for\u00eat en fournissant des outils et des services sur mesure, valid\u00e9s de mani\u00e8re approfondie par les intervenants, afin de soutenir la formation et d'encourager l'acceptation.<\/p>\n<p>Le projet ForeSight est financ\u00e9 conjointement par le programme de recherche et d'innovation Horizon Europe de l'Union europ\u00e9enne (GA No. 101168521) et par le Secr\u00e9tariat d'\u00c9tat \u00e0 l'\u00e9ducation, \u00e0 la recherche et \u00e0 l'innovation de la Suisse.<\/p>\n<a class=\"c-btn light-btn\" href=\"https:\/\/foresight-project.eu\/\" target=\"_blank\">\u00c0 propos du projet ForeSight<\/a><\/div>            <\/div>\r\n            <div class=\"col-lg-6\">\r\n                <div class=\"image-block\"><img decoding=\"async\" src=\"https:\/\/wearin.tech\/wp-content\/uploads\/2025\/11\/pngwing.com_-279x300-1.png\" alt=\"\" \/><\/div>            <\/div>\r\n        <\/div>\r\n    <\/div>\r\n<\/section>","protected":false},"excerpt":{"rendered":"","protected":false},"author":1,"featured_media":0,"parent":0,"menu_order":0,"comment_status":"closed","ping_status":"closed","template":"","meta":{"_acf_changed":false,"inline_featured_image":false,"footnotes":""},"class_list":["post-803","page","type-page","status-publish","hentry"],"acf":[],"yoast_head":"<!-- This site is optimized with the Yoast SEO plugin v27.4 - https:\/\/yoast.com\/product\/yoast-seo-wordpress\/ -->\n<title>ForeSight - WEARIN&#039;<\/title>\n<meta name=\"robots\" content=\"index, follow, max-snippet:-1, max-image-preview:large, max-video-preview:-1\" \/>\n<link rel=\"canonical\" href=\"https:\/\/wearin.tech\/fr\/foresight-first-responder-european-project\/\" \/>\n<meta property=\"og:locale\" content=\"fr_FR\" \/>\n<meta property=\"og:type\" content=\"article\" \/>\n<meta property=\"og:title\" content=\"ForeSight - WEARIN&#039;\" \/>\n<meta property=\"og:url\" content=\"https:\/\/wearin.tech\/fr\/foresight-first-responder-european-project\/\" \/>\n<meta property=\"og:site_name\" content=\"WEARIN&#039;\" \/>\n<meta property=\"article:modified_time\" content=\"2025-12-10T07:58:54+00:00\" \/>\n<meta name=\"twitter:card\" content=\"summary_large_image\" \/>\n<script type=\"application\/ld+json\" class=\"yoast-schema-graph\">{\"@context\":\"https:\\\/\\\/schema.org\",\"@graph\":[{\"@type\":\"WebPage\",\"@id\":\"https:\\\/\\\/wearin.tech\\\/foresight-first-responder-european-project\\\/\",\"url\":\"https:\\\/\\\/wearin.tech\\\/foresight-first-responder-european-project\\\/\",\"name\":\"ForeSight - WEARIN&#039;\",\"isPartOf\":{\"@id\":\"https:\\\/\\\/wearin.tech\\\/#website\"},\"datePublished\":\"2025-10-21T16:43:29+00:00\",\"dateModified\":\"2025-12-10T07:58:54+00:00\",\"breadcrumb\":{\"@id\":\"https:\\\/\\\/wearin.tech\\\/foresight-first-responder-european-project\\\/#breadcrumb\"},\"inLanguage\":\"fr-FR\",\"potentialAction\":[{\"@type\":\"ReadAction\",\"target\":[\"https:\\\/\\\/wearin.tech\\\/foresight-first-responder-european-project\\\/\"]}]},{\"@type\":\"BreadcrumbList\",\"@id\":\"https:\\\/\\\/wearin.tech\\\/foresight-first-responder-european-project\\\/#breadcrumb\",\"itemListElement\":[{\"@type\":\"ListItem\",\"position\":1,\"name\":\"Home\",\"item\":\"https:\\\/\\\/wearin.tech\\\/\"},{\"@type\":\"ListItem\",\"position\":2,\"name\":\"ForeSight\"}]},{\"@type\":\"WebSite\",\"@id\":\"https:\\\/\\\/wearin.tech\\\/#website\",\"url\":\"https:\\\/\\\/wearin.tech\\\/\",\"name\":\"WEARIN'\",\"description\":\"Smart safety IoT platform for the connected workers\",\"publisher\":{\"@id\":\"https:\\\/\\\/wearin.tech\\\/#organization\"},\"potentialAction\":[{\"@type\":\"SearchAction\",\"target\":{\"@type\":\"EntryPoint\",\"urlTemplate\":\"https:\\\/\\\/wearin.tech\\\/?s={search_term_string}\"},\"query-input\":{\"@type\":\"PropertyValueSpecification\",\"valueRequired\":true,\"valueName\":\"search_term_string\"}}],\"inLanguage\":\"fr-FR\"},{\"@type\":\"Organization\",\"@id\":\"https:\\\/\\\/wearin.tech\\\/#organization\",\"name\":\"WEARIN'\",\"url\":\"https:\\\/\\\/wearin.tech\\\/\",\"logo\":{\"@type\":\"ImageObject\",\"inLanguage\":\"fr-FR\",\"@id\":\"https:\\\/\\\/wearin.tech\\\/#\\\/schema\\\/logo\\\/image\\\/\",\"url\":\"https:\\\/\\\/wearin.tech\\\/wp-content\\\/uploads\\\/2025\\\/12\\\/Wearin_Part_of_Conextivity_Color_Center.png\",\"contentUrl\":\"https:\\\/\\\/wearin.tech\\\/wp-content\\\/uploads\\\/2025\\\/12\\\/Wearin_Part_of_Conextivity_Color_Center.png\",\"width\":1289,\"height\":500,\"caption\":\"WEARIN'\"},\"image\":{\"@id\":\"https:\\\/\\\/wearin.tech\\\/#\\\/schema\\\/logo\\\/image\\\/\"},\"sameAs\":[\"https:\\\/\\\/ch.linkedin.com\\\/company\\\/wearin\",\"https:\\\/\\\/youtube.com\\\/@wearin_conextivitygroup\"]}]}<\/script>\n<!-- \/ Yoast SEO plugin. -->","yoast_head_json":{"title":"ForeSight - WEARIN&#039;","robots":{"index":"index","follow":"follow","max-snippet":"max-snippet:-1","max-image-preview":"max-image-preview:large","max-video-preview":"max-video-preview:-1"},"canonical":"https:\/\/wearin.tech\/fr\/foresight-first-responder-european-project\/","og_locale":"fr_FR","og_type":"article","og_title":"ForeSight - WEARIN&#039;","og_url":"https:\/\/wearin.tech\/fr\/foresight-first-responder-european-project\/","og_site_name":"WEARIN&#039;","article_modified_time":"2025-12-10T07:58:54+00:00","twitter_card":"summary_large_image","schema":{"@context":"https:\/\/schema.org","@graph":[{"@type":"WebPage","@id":"https:\/\/wearin.tech\/foresight-first-responder-european-project\/","url":"https:\/\/wearin.tech\/foresight-first-responder-european-project\/","name":"ForeSight - WEARIN&#039;","isPartOf":{"@id":"https:\/\/wearin.tech\/#website"},"datePublished":"2025-10-21T16:43:29+00:00","dateModified":"2025-12-10T07:58:54+00:00","breadcrumb":{"@id":"https:\/\/wearin.tech\/foresight-first-responder-european-project\/#breadcrumb"},"inLanguage":"fr-FR","potentialAction":[{"@type":"ReadAction","target":["https:\/\/wearin.tech\/foresight-first-responder-european-project\/"]}]},{"@type":"BreadcrumbList","@id":"https:\/\/wearin.tech\/foresight-first-responder-european-project\/#breadcrumb","itemListElement":[{"@type":"ListItem","position":1,"name":"Home","item":"https:\/\/wearin.tech\/"},{"@type":"ListItem","position":2,"name":"ForeSight"}]},{"@type":"WebSite","@id":"https:\/\/wearin.tech\/#website","url":"https:\/\/wearin.tech\/","name":"PORTANT'","description":"Plateforme IoT de s\u00e9curit\u00e9 intelligente pour les travailleurs connect\u00e9s","publisher":{"@id":"https:\/\/wearin.tech\/#organization"},"potentialAction":[{"@type":"SearchAction","target":{"@type":"EntryPoint","urlTemplate":"https:\/\/wearin.tech\/?s={search_term_string}"},"query-input":{"@type":"PropertyValueSpecification","valueRequired":true,"valueName":"search_term_string"}}],"inLanguage":"fr-FR"},{"@type":"Organization","@id":"https:\/\/wearin.tech\/#organization","name":"PORTANT'","url":"https:\/\/wearin.tech\/","logo":{"@type":"ImageObject","inLanguage":"fr-FR","@id":"https:\/\/wearin.tech\/#\/schema\/logo\/image\/","url":"https:\/\/wearin.tech\/wp-content\/uploads\/2025\/12\/Wearin_Part_of_Conextivity_Color_Center.png","contentUrl":"https:\/\/wearin.tech\/wp-content\/uploads\/2025\/12\/Wearin_Part_of_Conextivity_Color_Center.png","width":1289,"height":500,"caption":"WEARIN'"},"image":{"@id":"https:\/\/wearin.tech\/#\/schema\/logo\/image\/"},"sameAs":["https:\/\/ch.linkedin.com\/company\/wearin","https:\/\/youtube.com\/@wearin_conextivitygroup"]}]}},"_links":{"self":[{"href":"https:\/\/wearin.tech\/fr\/wp-json\/wp\/v2\/pages\/803","targetHints":{"allow":["GET"]}}],"collection":[{"href":"https:\/\/wearin.tech\/fr\/wp-json\/wp\/v2\/pages"}],"about":[{"href":"https:\/\/wearin.tech\/fr\/wp-json\/wp\/v2\/types\/page"}],"author":[{"embeddable":true,"href":"https:\/\/wearin.tech\/fr\/wp-json\/wp\/v2\/users\/1"}],"replies":[{"embeddable":true,"href":"https:\/\/wearin.tech\/fr\/wp-json\/wp\/v2\/comments?post=803"}],"version-history":[{"count":61,"href":"https:\/\/wearin.tech\/fr\/wp-json\/wp\/v2\/pages\/803\/revisions"}],"predecessor-version":[{"id":2245,"href":"https:\/\/wearin.tech\/fr\/wp-json\/wp\/v2\/pages\/803\/revisions\/2245"}],"wp:attachment":[{"href":"https:\/\/wearin.tech\/fr\/wp-json\/wp\/v2\/media?parent=803"}],"curies":[{"name":"wp","href":"https:\/\/api.w.org\/{rel}","templated":true}]}}