{"id":766,"date":"2025-10-21T16:13:22","date_gmt":"2025-10-21T16:13:22","guid":{"rendered":"https:\/\/wearin.tech\/?page_id=766"},"modified":"2025-11-13T10:02:54","modified_gmt":"2025-11-13T10:02:54","slug":"faq","status":"publish","type":"page","link":"https:\/\/wearin.tech\/fr\/faq\/","title":{"rendered":"FAQ"},"content":{"rendered":"<section class=\"page-hero2-section\" style=\"background-image: url(https:\/\/wearin.tech\/wp-content\/uploads\/2025\/10\/img_solution_privacy.jpg);\">\r\n        <div class=\"container\">\r\n        <div class=\"row align-items-end half-height\">\r\n            <div class=\"col-lg-10\">\r\n                <div class=\"section-title\"><h1><blue>PROT\u00c9GER<\/blue> LES PERSONNES ET LEUR VIE PRIV\u00c9E<\/h1><\/div>            <\/div>\r\n        <\/div>\r\n    <\/div>\r\n<\/section>\n\n<section class=\"faq-section\" id=\"\">\r\n    <div class=\"container\">\r\n        <div class=\"row justify-content-center\">\r\n            <div class=\"col-lg-5\">\r\n                <div class=\"section-title\">\r\n                    <h2>La protection des donn\u00e9es et de la vie priv\u00e9e a \u00e9t\u00e9 int\u00e9gr\u00e9e d\u00e8s la conception dans notre \u00e9cosyst\u00e8me.<\/h2><p> Nous garantissons la s\u00e9curit\u00e9 de l'ensemble du flux de donn\u00e9es au sein de notre plateforme, depuis la collecte par nos capteurs jusqu'au stockage final dans nos serveurs. Les donn\u00e9es sont crypt\u00e9es de bout en bout.<\/p>\n<p>Nous suivons et adh\u00e9rons strictement aux normes industrielles de s\u00e9curit\u00e9 telles que SOC1, 2, 3 et ISO27K pour la gestion des risques, la communication, la surveillance, l'acc\u00e8s aux donn\u00e9es, l'exploitation des syst\u00e8mes et la gestion des changements.<\/p>\n<p>Notre plateforme est enti\u00e8rement redondante et assure une haute disponibilit\u00e9 de nos services avec un temps de disponibilit\u00e9 de 99,98% dans le monde entier. Nous fournissons \u00e9galement une disponibilit\u00e9 multir\u00e9gionale des donn\u00e9es et des services afin d'assurer une reprise apr\u00e8s sinistre compl\u00e8te pour couvrir les pires sc\u00e9narios.<\/p>\n                <\/div>\r\n            <\/div>\r\n            <div class=\"col-lg-7\">\r\n                <div class=\"accords\"><div class=\"accord-card\"><button class=\"card-btn\">Comment mes donn\u00e9es sont-elles s\u00e9curis\u00e9es ?<\/button><div class=\"card-box\"><p>La protection des donn\u00e9es et de la vie priv\u00e9e fait partie int\u00e9grante de notre \u00e9cosyst\u00e8me. Nous garantissons la s\u00e9curit\u00e9 de l'ensemble du cycle de vie des donn\u00e9es au sein de notre plateforme, depuis le moment o\u00f9 elles sont collect\u00e9es par nos capteurs jusqu'\u00e0 leur stockage final sur nos serveurs. Toutes les donn\u00e9es sont crypt\u00e9es de bout en bout.<\/p><\/div><\/div><div class=\"accord-card\"><button class=\"card-btn\">Comment les donn\u00e9es personnelles sont-elles g\u00e9r\u00e9es par la plateforme ?<\/button><div class=\"card-box\"><p>Nous respectons strictement les principales normes de s\u00e9curit\u00e9 du secteur, notamment SOC 1, 2 et 3, ainsi que la s\u00e9rie ISO 27000, qui couvre la gestion des risques, la communication, la surveillance, l'acc\u00e8s aux donn\u00e9es, l'exploitation des syst\u00e8mes et la gestion des changements. L'int\u00e9grit\u00e9 et la confidentialit\u00e9 des donn\u00e9es personnelles sont enti\u00e8rement conformes au r\u00e8glement g\u00e9n\u00e9ral sur la protection des donn\u00e9es (RGPD).<\/p><\/div><\/div><div class=\"accord-card\"><button class=\"card-btn\">Vos solutions sont con\u00e7ues pour des environnements \u00e0 haut risque, vous pourriez \u00eatre amen\u00e9 \u00e0 collaborer avec des acteurs militaires ou de s\u00e9curit\u00e9 \u00e0 l'\u00e9tranger et comment vous assurez-vous que vos technologies ne sont pas d\u00e9tourn\u00e9es ou utilis\u00e9es \u00e0 des fins contraires \u00e0 l'\u00e9thique ?<\/button><div class=\"card-box\"><p>Le secteur de la d\u00e9fense n'est pas une priorit\u00e9 strat\u00e9gique pour le moment. Nos efforts se concentrent principalement sur les secteurs civils ayant des exigences \u00e9lev\u00e9es en mati\u00e8re de s\u00e9curit\u00e9 et de fiabilit\u00e9 (industrie, services d'urgence, s\u00e9curit\u00e9 civile, \u00e9nergie, etc.) Tous les algorithmes d\u00e9velopp\u00e9s par Wearin\u2019 sont propri\u00e9taires, immuables et enti\u00e8rement con\u00e7us en interne, garantissant ainsi une tra\u00e7abilit\u00e9 totale et l'impossibilit\u00e9 de modification ou d'utilisation non autoris\u00e9e par des tiers. En cas de collaboration future avec des acteurs militaires ou s\u00e9curitaires, nous nous engageons \u00e0 appliquer strictement les politiques, contr\u00f4les et recommandations du SECO (Secr\u00e9tariat d'Etat \u00e0 l'\u00e9conomie, seco.admin.ch), notamment en mati\u00e8re d'exportation, d'utilisation \u00e9thique et de conformit\u00e9 r\u00e9glementaire des technologies. Cette approche pr\u00e9serve les principes de responsabilit\u00e9 et de transparence qui guident nos activit\u00e9s.<\/p><\/div><\/div><div class=\"accord-card\"><button class=\"card-btn\">Dans un contexte o\u00f9 les cyberattaques se multiplient, comment pr\u00e9venir le piratage ou la manipulation \u00e0 distance de vos appareils connect\u00e9s, notamment dans les situations critiques ? <\/button><div class=\"card-box\"><p>La plateforme Wearin\u2019 a \u00e9t\u00e9 construite selon les standards les plus \u00e9lev\u00e9s en mati\u00e8re de cybers\u00e9curit\u00e9, en appliquant strictement les meilleures pratiques de l'industrie. Nous suivons notamment un cadre de r\u00e9f\u00e9rence qui nous permet d'auditer en interne les vuln\u00e9rabilit\u00e9s potentielles et d'y rem\u00e9dier rapidement dans une logique d'am\u00e9lioration continue.\r\nNos services s'ex\u00e9cutent sur l'infrastructure d'un partenaire cloud certifi\u00e9 aux principaux standards de s\u00e9curit\u00e9 internationaux : SOC 1, SOC 2, SOC 3, ISO 27001, ISO 27017, ISO 27018, ainsi que les cadres C5 (European Sovereign Cloud en Allemagne) et FedRAMP (USA).\r\nCes dispositifs offrent une protection multicouche contre le piratage, la manipulation \u00e0 distance et toute tentative d'acc\u00e8s non autoris\u00e9, m\u00eame dans des situations critiques. La s\u00e9curit\u00e9 et la r\u00e9silience de nos syst\u00e8mes sont au c\u0153ur de notre approche de conception et de maintenance. <\/p><\/div><\/div><div class=\"accord-card\"><button class=\"card-btn\">Quelle est la fiabilit\u00e9 de vos solutions dans des conditions extr\u00eames : perte de r\u00e9seau, d\u00e9faillance du signal, conditions m\u00e9t\u00e9orologiques difficiles, altitude, etc.<\/button><div class=\"card-box\"><p>Nos solutions ont \u00e9t\u00e9 sp\u00e9cialement con\u00e7ues pour garantir une fiabilit\u00e9 maximale dans les environnements extr\u00eames, m\u00eame en cas de perte de r\u00e9seau, de conditions m\u00e9t\u00e9orologiques difficiles ou d'op\u00e9rations en altitude. La plateforme est enti\u00e8rement redondante et con\u00e7ue pour une haute disponibilit\u00e9, offrant un temps de fonctionnement global de 99,98%. Le module central Wearin\u2019 dispose d'une capacit\u00e9 de stockage local pour conserver et s\u00e9curiser les donn\u00e9es critiques en cas de panne ou d'interruption de la connectivit\u00e9. Ces donn\u00e9es sont automatiquement synchronis\u00e9es avec la plateforme centrale d\u00e8s que la connexion est r\u00e9tablie, ce qui garantit une continuit\u00e9 de l'information sans perte. En outre, le syst\u00e8me est bas\u00e9 sur une architecture de communication multimodale, capable d'adapter dynamiquement la connectivit\u00e9 en fonction de la disponibilit\u00e9 des r\u00e9seaux. Il supporte les protocoles 4G, 5G, 5G Private Network, Radio Mesh, Wi-Fi, ainsi que les r\u00e9seaux non terrestres (NTN) tels que Starlink ou EchoStar, via l'int\u00e9gration d'un dongle externe. Cette approche hybride garantit une redondance compl\u00e8te des canaux de communication, une r\u00e9silience accrue aux conditions extr\u00eames et une disponibilit\u00e9 op\u00e9rationnelle continue, m\u00eame dans les zones \u00e9loign\u00e9es ou d\u00e9grad\u00e9es.<\/p><\/div><\/div><\/div>            <\/div>\r\n        <\/div>\r\n    <\/div>\r\n<\/section>","protected":false},"excerpt":{"rendered":"","protected":false},"author":1,"featured_media":0,"parent":0,"menu_order":0,"comment_status":"closed","ping_status":"closed","template":"","meta":{"_acf_changed":false,"inline_featured_image":false,"footnotes":""},"class_list":["post-766","page","type-page","status-publish","hentry"],"acf":[],"yoast_head":"<!-- This site is optimized with the Yoast SEO plugin v27.4 - https:\/\/yoast.com\/product\/yoast-seo-wordpress\/ -->\n<title>FAQ - WEARIN&#039;<\/title>\n<meta name=\"robots\" content=\"index, follow, max-snippet:-1, max-image-preview:large, max-video-preview:-1\" \/>\n<link rel=\"canonical\" href=\"https:\/\/wearin.tech\/fr\/faq\/\" \/>\n<meta property=\"og:locale\" content=\"fr_FR\" \/>\n<meta property=\"og:type\" content=\"article\" \/>\n<meta property=\"og:title\" content=\"FAQ - WEARIN&#039;\" \/>\n<meta property=\"og:url\" content=\"https:\/\/wearin.tech\/fr\/faq\/\" \/>\n<meta property=\"og:site_name\" content=\"WEARIN&#039;\" \/>\n<meta property=\"article:modified_time\" content=\"2025-11-13T10:02:54+00:00\" \/>\n<meta name=\"twitter:card\" content=\"summary_large_image\" \/>\n<script type=\"application\/ld+json\" class=\"yoast-schema-graph\">{\"@context\":\"https:\\\/\\\/schema.org\",\"@graph\":[{\"@type\":\"WebPage\",\"@id\":\"https:\\\/\\\/wearin.tech\\\/faq\\\/\",\"url\":\"https:\\\/\\\/wearin.tech\\\/faq\\\/\",\"name\":\"FAQ - WEARIN&#039;\",\"isPartOf\":{\"@id\":\"https:\\\/\\\/wearin.tech\\\/#website\"},\"datePublished\":\"2025-10-21T16:13:22+00:00\",\"dateModified\":\"2025-11-13T10:02:54+00:00\",\"breadcrumb\":{\"@id\":\"https:\\\/\\\/wearin.tech\\\/faq\\\/#breadcrumb\"},\"inLanguage\":\"fr-FR\",\"potentialAction\":[{\"@type\":\"ReadAction\",\"target\":[\"https:\\\/\\\/wearin.tech\\\/faq\\\/\"]}]},{\"@type\":\"BreadcrumbList\",\"@id\":\"https:\\\/\\\/wearin.tech\\\/faq\\\/#breadcrumb\",\"itemListElement\":[{\"@type\":\"ListItem\",\"position\":1,\"name\":\"Home\",\"item\":\"https:\\\/\\\/wearin.tech\\\/\"},{\"@type\":\"ListItem\",\"position\":2,\"name\":\"FAQ\"}]},{\"@type\":\"WebSite\",\"@id\":\"https:\\\/\\\/wearin.tech\\\/#website\",\"url\":\"https:\\\/\\\/wearin.tech\\\/\",\"name\":\"WEARIN'\",\"description\":\"Smart safety IoT platform for the connected workers\",\"publisher\":{\"@id\":\"https:\\\/\\\/wearin.tech\\\/#organization\"},\"potentialAction\":[{\"@type\":\"SearchAction\",\"target\":{\"@type\":\"EntryPoint\",\"urlTemplate\":\"https:\\\/\\\/wearin.tech\\\/?s={search_term_string}\"},\"query-input\":{\"@type\":\"PropertyValueSpecification\",\"valueRequired\":true,\"valueName\":\"search_term_string\"}}],\"inLanguage\":\"fr-FR\"},{\"@type\":\"Organization\",\"@id\":\"https:\\\/\\\/wearin.tech\\\/#organization\",\"name\":\"WEARIN'\",\"url\":\"https:\\\/\\\/wearin.tech\\\/\",\"logo\":{\"@type\":\"ImageObject\",\"inLanguage\":\"fr-FR\",\"@id\":\"https:\\\/\\\/wearin.tech\\\/#\\\/schema\\\/logo\\\/image\\\/\",\"url\":\"https:\\\/\\\/wearin.tech\\\/wp-content\\\/uploads\\\/2025\\\/12\\\/Wearin_Part_of_Conextivity_Color_Center.png\",\"contentUrl\":\"https:\\\/\\\/wearin.tech\\\/wp-content\\\/uploads\\\/2025\\\/12\\\/Wearin_Part_of_Conextivity_Color_Center.png\",\"width\":1289,\"height\":500,\"caption\":\"WEARIN'\"},\"image\":{\"@id\":\"https:\\\/\\\/wearin.tech\\\/#\\\/schema\\\/logo\\\/image\\\/\"},\"sameAs\":[\"https:\\\/\\\/ch.linkedin.com\\\/company\\\/wearin\",\"https:\\\/\\\/youtube.com\\\/@wearin_conextivitygroup\"]}]}<\/script>\n<!-- \/ Yoast SEO plugin. -->","yoast_head_json":{"title":"FAQ - WEARIN&#039;","robots":{"index":"index","follow":"follow","max-snippet":"max-snippet:-1","max-image-preview":"max-image-preview:large","max-video-preview":"max-video-preview:-1"},"canonical":"https:\/\/wearin.tech\/fr\/faq\/","og_locale":"fr_FR","og_type":"article","og_title":"FAQ - WEARIN&#039;","og_url":"https:\/\/wearin.tech\/fr\/faq\/","og_site_name":"WEARIN&#039;","article_modified_time":"2025-11-13T10:02:54+00:00","twitter_card":"summary_large_image","schema":{"@context":"https:\/\/schema.org","@graph":[{"@type":"WebPage","@id":"https:\/\/wearin.tech\/faq\/","url":"https:\/\/wearin.tech\/faq\/","name":"FAQ - WEARIN&#039;","isPartOf":{"@id":"https:\/\/wearin.tech\/#website"},"datePublished":"2025-10-21T16:13:22+00:00","dateModified":"2025-11-13T10:02:54+00:00","breadcrumb":{"@id":"https:\/\/wearin.tech\/faq\/#breadcrumb"},"inLanguage":"fr-FR","potentialAction":[{"@type":"ReadAction","target":["https:\/\/wearin.tech\/faq\/"]}]},{"@type":"BreadcrumbList","@id":"https:\/\/wearin.tech\/faq\/#breadcrumb","itemListElement":[{"@type":"ListItem","position":1,"name":"Home","item":"https:\/\/wearin.tech\/"},{"@type":"ListItem","position":2,"name":"FAQ"}]},{"@type":"WebSite","@id":"https:\/\/wearin.tech\/#website","url":"https:\/\/wearin.tech\/","name":"PORTANT'","description":"Plateforme IoT de s\u00e9curit\u00e9 intelligente pour les travailleurs connect\u00e9s","publisher":{"@id":"https:\/\/wearin.tech\/#organization"},"potentialAction":[{"@type":"SearchAction","target":{"@type":"EntryPoint","urlTemplate":"https:\/\/wearin.tech\/?s={search_term_string}"},"query-input":{"@type":"PropertyValueSpecification","valueRequired":true,"valueName":"search_term_string"}}],"inLanguage":"fr-FR"},{"@type":"Organization","@id":"https:\/\/wearin.tech\/#organization","name":"PORTANT'","url":"https:\/\/wearin.tech\/","logo":{"@type":"ImageObject","inLanguage":"fr-FR","@id":"https:\/\/wearin.tech\/#\/schema\/logo\/image\/","url":"https:\/\/wearin.tech\/wp-content\/uploads\/2025\/12\/Wearin_Part_of_Conextivity_Color_Center.png","contentUrl":"https:\/\/wearin.tech\/wp-content\/uploads\/2025\/12\/Wearin_Part_of_Conextivity_Color_Center.png","width":1289,"height":500,"caption":"WEARIN'"},"image":{"@id":"https:\/\/wearin.tech\/#\/schema\/logo\/image\/"},"sameAs":["https:\/\/ch.linkedin.com\/company\/wearin","https:\/\/youtube.com\/@wearin_conextivitygroup"]}]}},"_links":{"self":[{"href":"https:\/\/wearin.tech\/fr\/wp-json\/wp\/v2\/pages\/766","targetHints":{"allow":["GET"]}}],"collection":[{"href":"https:\/\/wearin.tech\/fr\/wp-json\/wp\/v2\/pages"}],"about":[{"href":"https:\/\/wearin.tech\/fr\/wp-json\/wp\/v2\/types\/page"}],"author":[{"embeddable":true,"href":"https:\/\/wearin.tech\/fr\/wp-json\/wp\/v2\/users\/1"}],"replies":[{"embeddable":true,"href":"https:\/\/wearin.tech\/fr\/wp-json\/wp\/v2\/comments?post=766"}],"version-history":[{"count":8,"href":"https:\/\/wearin.tech\/fr\/wp-json\/wp\/v2\/pages\/766\/revisions"}],"predecessor-version":[{"id":1892,"href":"https:\/\/wearin.tech\/fr\/wp-json\/wp\/v2\/pages\/766\/revisions\/1892"}],"wp:attachment":[{"href":"https:\/\/wearin.tech\/fr\/wp-json\/wp\/v2\/media?parent=766"}],"curies":[{"name":"wp","href":"https:\/\/api.w.org\/{rel}","templated":true}]}}