{"id":463,"date":"2025-09-01T19:57:38","date_gmt":"2025-09-01T19:57:38","guid":{"rendered":"https:\/\/wearin.tech\/?page_id=463"},"modified":"2026-01-13T08:00:20","modified_gmt":"2026-01-13T08:00:20","slug":"about-us","status":"publish","type":"page","link":"https:\/\/wearin.tech\/fr\/about-us\/","title":{"rendered":"\u00c0 propos de nous"},"content":{"rendered":"<section class=\"page-hero-section\" style=\"background-image: url();\">\r\n    <div class=\"video-container\"><video width=\"320\" height=\"240\" muted autoplay loop playsinline><source src=\"https:\/\/wearin.tech\/wp-content\/uploads\/2025\/11\/header_about_us-1.mp4\" type=\"video\/mp4\">Votre navigateur ne prend pas en charge la balise vid\u00e9o.<\/video><\/div>    <div class=\"container\">\r\n        <div class=\"row align-items-end full-height\">\r\n            <div class=\"col-12\">\r\n                <div class=\"section-title\"><span>Notre mission<\/span><h1>PROT\u00c9GEZ  ET ASSUREZ L'EFFICACIT\u00c9  <blue>DE VOS AGENTS <\/blue><\/h1><p>Wearin\u2019 vise \u00e0 connecter et \u00e0 prot\u00e9ger les personnes dans des situations \u00e0 haut risque avec des solutions IoT intelligentes qui rendent les missions plus s\u00fbres et plus intelligentes. Nous pensons que la technologie IoT est l'avenir des m\u00e9thodes de travail plus s\u00fbres et plus intelligentes, en particulier dans les environnements complexes et \u00e0 haut risque. Notre plateforme se concentre sur la connexion des humains - reliant les personnes \u00e0 risque - avec les personnes et la technologie qui peuvent aider \u00e0 les prot\u00e9ger.  Des premiers intervenants aux agents des forces de l'ordre, des pompiers aux civils, nous voyons les humains derri\u00e8re la technologie et travaillons pour les garder - et leurs donn\u00e9es - en s\u00e9curit\u00e9.  Wearin\u2019 collabore avec un r\u00e9seau mondial de partenaires pour briser les silos de produits, relier les points, et offrir une solution de bout en bout permettant une large gamme d'applications de s\u00e9curit\u00e9.<\/p><a class=\"c-btn light-btn\" href=\"https:\/\/www.linkedin.com\/company\/52190497\/admin\/dashboard\/\" target=\"_blank\">Suivez-nous<\/a><\/div>            <\/div>\r\n        <\/div>\r\n    <\/div>\r\n<\/section>\n\n<section class=\"content-1-section\" id=\"\">\r\n    <div class=\"container\">\r\n        <div class=\"row align-items-center\">\r\n            <div class=\"col-lg-6\">\r\n                <div class=\"text-block\"><h2>R\u00c9IMAGINER LA CONNECTIVIT\u00c9 <blue>ENSEMBLE<\/blue><\/h2><p>Fond\u00e9e en 2019, Wearin\u2019 fait partie du groupe suisse Conextivity Group, un groupe technologique mondial offrant des solutions de connectivit\u00e9 haute performance qui g\u00e8rent les flux d'\u00e9nergie et de donn\u00e9es de mani\u00e8re transparente depuis les capteurs et les appareils jusqu'au cloud. Avec plus de 750 employ\u00e9s dans le monde, un centre de R&amp;D du groupe situ\u00e9 en Suisse et soutenu par des hubs r\u00e9gionaux, trois principaux sites de fabrication et un r\u00e9seau de partenaires, deux activit\u00e9s commerciales (Wearin\u2019 et Fischer Connectors), Conextivity Group vise \u00e0 r\u00e9imaginer la connectivit\u00e9, permettant l'\u00e9mergence d'\u00e9cosyst\u00e8mes nouveaux et \u00e9volutifs.<\/p>\n<a class=\"c-btn dark-btn\" href=\"https:\/\/conextivity.com\" target=\"_blank\">Site web du groupe Conextivity<\/a><\/div>            <\/div>\r\n            <div class=\"col-lg-6\">\r\n                <div class=\"image-block\"><img decoding=\"async\" src=\"https:\/\/wearin.tech\/wp-content\/uploads\/2025\/09\/image36.svg\" alt=\"\" \/><\/div>            <\/div>\r\n        <\/div>\r\n    <\/div>\r\n<\/section>\n\n<section class=\"content-3-section\" id=\"\">\r\n    <div class=\"container\">\r\n        <div class=\"row align-items-center\">\r\n            <div class=\"col-lg-6\">\r\n                <div class=\"text-block\"><h2>NOTRE GOUVERNANCE<\/h2><p>En tant qu'entreprise familiale cr\u00e9atrice de valeur, nous accordons une grande importance \u00e0 une bonne gestion d'entreprise dans l'esprit d'une gouvernance d'entreprise responsable. <\/p>\n<a class=\"c-btn dark-btn\" href=\"https:\/\/wearin.tech\/fr\/governance\/\" target=\"_self\">En savoir plus<\/a><\/div>            <\/div>\r\n        <\/div>\r\n    <\/div>\r\n<\/section>","protected":false},"excerpt":{"rendered":"","protected":false},"author":1,"featured_media":0,"parent":0,"menu_order":0,"comment_status":"closed","ping_status":"closed","template":"","meta":{"_acf_changed":false,"inline_featured_image":false,"footnotes":""},"class_list":["post-463","page","type-page","status-publish","hentry"],"acf":[],"yoast_head":"<!-- This site is optimized with the Yoast SEO plugin v27.4 - https:\/\/yoast.com\/product\/yoast-seo-wordpress\/ -->\n<title>About Us - WEARIN&#039;<\/title>\n<meta name=\"robots\" content=\"index, follow, max-snippet:-1, max-image-preview:large, max-video-preview:-1\" \/>\n<link rel=\"canonical\" href=\"https:\/\/wearin.tech\/fr\/about-us\/\" \/>\n<meta property=\"og:locale\" content=\"fr_FR\" \/>\n<meta property=\"og:type\" content=\"article\" \/>\n<meta property=\"og:title\" content=\"About Us - WEARIN&#039;\" \/>\n<meta property=\"og:url\" content=\"https:\/\/wearin.tech\/fr\/about-us\/\" \/>\n<meta property=\"og:site_name\" content=\"WEARIN&#039;\" \/>\n<meta property=\"article:modified_time\" content=\"2026-01-13T08:00:20+00:00\" \/>\n<meta name=\"twitter:card\" content=\"summary_large_image\" \/>\n<script type=\"application\/ld+json\" class=\"yoast-schema-graph\">{\"@context\":\"https:\\\/\\\/schema.org\",\"@graph\":[{\"@type\":\"WebPage\",\"@id\":\"https:\\\/\\\/wearin.tech\\\/about-us\\\/\",\"url\":\"https:\\\/\\\/wearin.tech\\\/about-us\\\/\",\"name\":\"About Us - WEARIN&#039;\",\"isPartOf\":{\"@id\":\"https:\\\/\\\/wearin.tech\\\/#website\"},\"datePublished\":\"2025-09-01T19:57:38+00:00\",\"dateModified\":\"2026-01-13T08:00:20+00:00\",\"breadcrumb\":{\"@id\":\"https:\\\/\\\/wearin.tech\\\/about-us\\\/#breadcrumb\"},\"inLanguage\":\"fr-FR\",\"potentialAction\":[{\"@type\":\"ReadAction\",\"target\":[\"https:\\\/\\\/wearin.tech\\\/about-us\\\/\"]}]},{\"@type\":\"BreadcrumbList\",\"@id\":\"https:\\\/\\\/wearin.tech\\\/about-us\\\/#breadcrumb\",\"itemListElement\":[{\"@type\":\"ListItem\",\"position\":1,\"name\":\"Home\",\"item\":\"https:\\\/\\\/wearin.tech\\\/\"},{\"@type\":\"ListItem\",\"position\":2,\"name\":\"About Us\"}]},{\"@type\":\"WebSite\",\"@id\":\"https:\\\/\\\/wearin.tech\\\/#website\",\"url\":\"https:\\\/\\\/wearin.tech\\\/\",\"name\":\"WEARIN'\",\"description\":\"Smart safety IoT platform for the connected workers\",\"publisher\":{\"@id\":\"https:\\\/\\\/wearin.tech\\\/#organization\"},\"potentialAction\":[{\"@type\":\"SearchAction\",\"target\":{\"@type\":\"EntryPoint\",\"urlTemplate\":\"https:\\\/\\\/wearin.tech\\\/?s={search_term_string}\"},\"query-input\":{\"@type\":\"PropertyValueSpecification\",\"valueRequired\":true,\"valueName\":\"search_term_string\"}}],\"inLanguage\":\"fr-FR\"},{\"@type\":\"Organization\",\"@id\":\"https:\\\/\\\/wearin.tech\\\/#organization\",\"name\":\"WEARIN'\",\"url\":\"https:\\\/\\\/wearin.tech\\\/\",\"logo\":{\"@type\":\"ImageObject\",\"inLanguage\":\"fr-FR\",\"@id\":\"https:\\\/\\\/wearin.tech\\\/#\\\/schema\\\/logo\\\/image\\\/\",\"url\":\"https:\\\/\\\/wearin.tech\\\/wp-content\\\/uploads\\\/2025\\\/12\\\/Wearin_Part_of_Conextivity_Color_Center.png\",\"contentUrl\":\"https:\\\/\\\/wearin.tech\\\/wp-content\\\/uploads\\\/2025\\\/12\\\/Wearin_Part_of_Conextivity_Color_Center.png\",\"width\":1289,\"height\":500,\"caption\":\"WEARIN'\"},\"image\":{\"@id\":\"https:\\\/\\\/wearin.tech\\\/#\\\/schema\\\/logo\\\/image\\\/\"},\"sameAs\":[\"https:\\\/\\\/ch.linkedin.com\\\/company\\\/wearin\",\"https:\\\/\\\/youtube.com\\\/@wearin_conextivitygroup\"]}]}<\/script>\n<!-- \/ Yoast SEO plugin. -->","yoast_head_json":{"title":"About Us - WEARIN&#039;","robots":{"index":"index","follow":"follow","max-snippet":"max-snippet:-1","max-image-preview":"max-image-preview:large","max-video-preview":"max-video-preview:-1"},"canonical":"https:\/\/wearin.tech\/fr\/about-us\/","og_locale":"fr_FR","og_type":"article","og_title":"About Us - WEARIN&#039;","og_url":"https:\/\/wearin.tech\/fr\/about-us\/","og_site_name":"WEARIN&#039;","article_modified_time":"2026-01-13T08:00:20+00:00","twitter_card":"summary_large_image","schema":{"@context":"https:\/\/schema.org","@graph":[{"@type":"WebPage","@id":"https:\/\/wearin.tech\/about-us\/","url":"https:\/\/wearin.tech\/about-us\/","name":"About Us - WEARIN&#039;","isPartOf":{"@id":"https:\/\/wearin.tech\/#website"},"datePublished":"2025-09-01T19:57:38+00:00","dateModified":"2026-01-13T08:00:20+00:00","breadcrumb":{"@id":"https:\/\/wearin.tech\/about-us\/#breadcrumb"},"inLanguage":"fr-FR","potentialAction":[{"@type":"ReadAction","target":["https:\/\/wearin.tech\/about-us\/"]}]},{"@type":"BreadcrumbList","@id":"https:\/\/wearin.tech\/about-us\/#breadcrumb","itemListElement":[{"@type":"ListItem","position":1,"name":"Home","item":"https:\/\/wearin.tech\/"},{"@type":"ListItem","position":2,"name":"About Us"}]},{"@type":"WebSite","@id":"https:\/\/wearin.tech\/#website","url":"https:\/\/wearin.tech\/","name":"PORTANT'","description":"Plateforme IoT de s\u00e9curit\u00e9 intelligente pour les travailleurs connect\u00e9s","publisher":{"@id":"https:\/\/wearin.tech\/#organization"},"potentialAction":[{"@type":"SearchAction","target":{"@type":"EntryPoint","urlTemplate":"https:\/\/wearin.tech\/?s={search_term_string}"},"query-input":{"@type":"PropertyValueSpecification","valueRequired":true,"valueName":"search_term_string"}}],"inLanguage":"fr-FR"},{"@type":"Organization","@id":"https:\/\/wearin.tech\/#organization","name":"PORTANT'","url":"https:\/\/wearin.tech\/","logo":{"@type":"ImageObject","inLanguage":"fr-FR","@id":"https:\/\/wearin.tech\/#\/schema\/logo\/image\/","url":"https:\/\/wearin.tech\/wp-content\/uploads\/2025\/12\/Wearin_Part_of_Conextivity_Color_Center.png","contentUrl":"https:\/\/wearin.tech\/wp-content\/uploads\/2025\/12\/Wearin_Part_of_Conextivity_Color_Center.png","width":1289,"height":500,"caption":"WEARIN'"},"image":{"@id":"https:\/\/wearin.tech\/#\/schema\/logo\/image\/"},"sameAs":["https:\/\/ch.linkedin.com\/company\/wearin","https:\/\/youtube.com\/@wearin_conextivitygroup"]}]}},"_links":{"self":[{"href":"https:\/\/wearin.tech\/fr\/wp-json\/wp\/v2\/pages\/463","targetHints":{"allow":["GET"]}}],"collection":[{"href":"https:\/\/wearin.tech\/fr\/wp-json\/wp\/v2\/pages"}],"about":[{"href":"https:\/\/wearin.tech\/fr\/wp-json\/wp\/v2\/types\/page"}],"author":[{"embeddable":true,"href":"https:\/\/wearin.tech\/fr\/wp-json\/wp\/v2\/users\/1"}],"replies":[{"embeddable":true,"href":"https:\/\/wearin.tech\/fr\/wp-json\/wp\/v2\/comments?post=463"}],"version-history":[{"count":16,"href":"https:\/\/wearin.tech\/fr\/wp-json\/wp\/v2\/pages\/463\/revisions"}],"predecessor-version":[{"id":2376,"href":"https:\/\/wearin.tech\/fr\/wp-json\/wp\/v2\/pages\/463\/revisions\/2376"}],"wp:attachment":[{"href":"https:\/\/wearin.tech\/fr\/wp-json\/wp\/v2\/media?parent=463"}],"curies":[{"name":"wp","href":"https:\/\/api.w.org\/{rel}","templated":true}]}}