{"id":356,"date":"2025-09-01T14:13:20","date_gmt":"2025-09-01T14:13:20","guid":{"rendered":"https:\/\/wearin.tech\/?page_id=356"},"modified":"2025-12-10T07:59:43","modified_gmt":"2025-12-10T07:59:43","slug":"partners-strategic-alliances","status":"publish","type":"page","link":"https:\/\/wearin.tech\/fr\/partners-strategic-alliances\/","title":{"rendered":"Partenaires"},"content":{"rendered":"<section class=\"page-hero2-section\" style=\"background-image: url(https:\/\/wearin.tech\/wp-content\/uploads\/2025\/11\/header_static_2560x1440_Partners.webp);\">\r\n        <div class=\"container\">\r\n        <div class=\"row align-items-end half-height\">\r\n            <div class=\"col-lg-10\">\r\n                <div class=\"section-title\"><h6>Partenaires<\/h6><h1>UNE SEULE SOLUTION, <blue>UN R\u00c9SEAU GLOBAL DE PARTENAIRES<\/blue><\/h1><p>Nos alliances strat\u00e9giques r\u00e9unissent les principaux fabricants de dispositifs IoT, de v\u00eatements, de technologies portables et de solutions de connectivit\u00e9. Nous combinons des r\u00e9seaux de capteurs avanc\u00e9s et des composants mat\u00e9riels modulaires avec des plateformes logicielles natives du cloud, offrant ainsi un \u00e9cosyst\u00e8me complet qui s'adapte aux besoins de nos clients. Gr\u00e2ce \u00e0 ces partenariats, nous assurons une innovation continue, une int\u00e9gration transparente et la flexibilit\u00e9 n\u00e9cessaire pour incorporer les technologies \u00e9mergentes \u00e0 mesure qu'elles arrivent sur le march\u00e9.<\/p><\/div>            <\/div>\r\n        <\/div>\r\n    <\/div>\r\n<\/section>\n\n<section class=\"partners-section\" id=\"\">\r\n    <div class=\"container\">\r\n        <div class=\"row\"><div class=\"col-12\"><div class=\"text-block\"><h3>Partenaires technologiques<\/h3><\/div><div class=\"logo-list\"><div><div class=\"slide\"><a href=\"https:\/\/www.acmoss.fr\/\" target=\"_blank\" rel=\"noopener\"><img decoding=\"async\" src=\"https:\/\/wearin.tech\/wp-content\/uploads\/2025\/09\/partner20.webp\" alt=\"\"\/><\/a><\/div><\/div><div><div class=\"slide\"><a href=\"https:\/\/www.beltus.ch\/\" target=\"_blank\" rel=\"noopener\"><img decoding=\"async\" src=\"https:\/\/wearin.tech\/wp-content\/uploads\/2025\/09\/partner19.webp\" alt=\"\"\/><\/a><\/div><\/div><div><div class=\"slide\"><a href=\"https:\/\/fischerconnectors.com\/en\/\" target=\"_blank\" rel=\"noopener\"><img decoding=\"async\" src=\"https:\/\/wearin.tech\/wp-content\/uploads\/2025\/11\/Untitled-1-2-scaled.jpg\" alt=\"\"\/><\/a><\/div><\/div><div><div class=\"slide\"><a href=\"https:\/\/www.greenteg.com\/en\" target=\"_blank\" rel=\"noopener\"><img decoding=\"async\" src=\"https:\/\/wearin.tech\/wp-content\/uploads\/2025\/09\/partner13.webp\" alt=\"\"\/><\/a><\/div><\/div><div><div class=\"slide\"><a href=\"https:\/\/matisec.fr\/en\/\" target=\"_blank\" rel=\"noopener\"><img decoding=\"async\" src=\"https:\/\/wearin.tech\/wp-content\/uploads\/2025\/09\/partner12.webp\" alt=\"\"\/><\/a><\/div><\/div><div><div class=\"slide\"><a href=\"https:\/\/www.mirion.com\/\" target=\"_blank\" rel=\"noopener\"><img decoding=\"async\" src=\"https:\/\/wearin.tech\/wp-content\/uploads\/2025\/09\/partner09.webp\" alt=\"\"\/><\/a><\/div><\/div><div><div class=\"slide\"><a href=\"https:\/\/www.paulboye.fr\/uk\/home\" target=\"_blank\" rel=\"noopener\"><img decoding=\"async\" src=\"https:\/\/wearin.tech\/wp-content\/uploads\/2025\/09\/partner11.webp\" alt=\"\"\/><\/a><\/div><\/div><div><div class=\"slide\"><a href=\"https:\/\/en.rikenkeikigmbh.com\/\" target=\"_blank\" rel=\"noopener\"><img decoding=\"async\" src=\"https:\/\/wearin.tech\/wp-content\/uploads\/2025\/11\/Untitled-1-1-scaled.jpg\" alt=\"\"\/><\/a><\/div><\/div><div><div class=\"slide\"><a href=\"https:\/\/wescue.com\/en-eu\" target=\"_blank\" rel=\"noopener\"><img decoding=\"async\" src=\"https:\/\/wearin.tech\/wp-content\/uploads\/2025\/09\/partner03.webp\" alt=\"\"\/><\/a><\/div><\/div><div><div class=\"slide\"><a href=\"https:\/\/zepcam.com\/\" target=\"_blank\" rel=\"noopener\"><img decoding=\"async\" src=\"https:\/\/wearin.tech\/wp-content\/uploads\/2025\/09\/partner02.webp\" alt=\"\"\/><\/a><\/div><\/div><\/div><\/div><\/div><div class=\"row\"><div class=\"col-12\"><div class=\"text-block\"><h3>Partenaires industriels<\/h3><\/div><div class=\"logo-list\"><div><div class=\"slide\"><a href=\"https:\/\/foresight-project.eu\/\" target=\"_blank\" rel=\"noopener\"><img decoding=\"async\" src=\"https:\/\/wearin.tech\/wp-content\/uploads\/2025\/09\/partner15.webp\" alt=\"\"\/><\/a><\/div><\/div><div><div class=\"slide\"><a href=\"https:\/\/www.synergise-project.eu\/\" target=\"_blank\" rel=\"noopener\"><img decoding=\"async\" src=\"https:\/\/wearin.tech\/wp-content\/uploads\/2025\/09\/partner04.webp\" alt=\"\"\/><\/a><\/div><\/div><\/div><\/div><\/div><div class=\"row\"><div class=\"col-12\"><div class=\"text-block\"><h3>Partenaires strat\u00e9giques<\/h3><\/div><div class=\"logo-list\"><div><div class=\"slide\"><a href=\"https:\/\/criticalcommunications.airbus.com\/en\" target=\"_blank\" rel=\"noopener\"><img decoding=\"async\" src=\"https:\/\/wearin.tech\/wp-content\/uploads\/2025\/09\/partner01.webp\" alt=\"\"\/><\/a><\/div><\/div><div><div class=\"slide\"><a href=\"https:\/\/www.gendarmerie.interieur.gouv.fr\/\" target=\"_blank\" rel=\"noopener\"><img decoding=\"async\" src=\"https:\/\/wearin.tech\/wp-content\/uploads\/2025\/09\/partner14.webp\" alt=\"\"\/><\/a><\/div><\/div><div><div class=\"slide\"><a href=\"https:\/\/pompiers.gouv.mc\/\" target=\"_blank\" rel=\"noopener\"><img decoding=\"async\" src=\"https:\/\/wearin.tech\/wp-content\/uploads\/2025\/09\/partner10.webp\" alt=\"\"\/><\/a><\/div><\/div><\/div><\/div><\/div><div class=\"row\"><div class=\"col-12\"><div class=\"text-block\"><h3>Partenaires commerciaux<\/h3><\/div><div class=\"logo-list\"><div><div class=\"slide\"><a href=\"https:\/\/www.cae.com\/\" target=\"_blank\" rel=\"noopener\"><img decoding=\"async\" src=\"https:\/\/wearin.tech\/wp-content\/uploads\/2025\/09\/partner18.webp\" alt=\"\"\/><\/a><\/div><\/div><div><div class=\"slide\"><a href=\"https:\/\/www.dtccodan.com\/\" target=\"_blank\" rel=\"noopener\"><img decoding=\"async\" src=\"https:\/\/wearin.tech\/wp-content\/uploads\/2025\/09\/partner17.webp\" alt=\"\"\/><\/a><\/div><\/div><div><div class=\"slide\"><a href=\"https:\/\/www.ruag.ch\/en\" target=\"_blank\" rel=\"noopener\"><img decoding=\"async\" src=\"https:\/\/wearin.tech\/wp-content\/uploads\/2025\/09\/partner07.webp\" alt=\"\"\/><\/a><\/div><\/div><div><div class=\"slide\"><a href=\"https:\/\/soteria.africa\/\" target=\"_blank\" rel=\"noopener\"><img decoding=\"async\" src=\"https:\/\/wearin.tech\/wp-content\/uploads\/2025\/09\/partner06.webp\" alt=\"\"\/><\/a><\/div><\/div><div><div class=\"slide\"><a href=\"https:\/\/sovsys.co\/\" target=\"_blank\" rel=\"noopener\"><img decoding=\"async\" src=\"https:\/\/wearin.tech\/wp-content\/uploads\/2025\/09\/partner05.webp\" alt=\"\"\/><\/a><\/div><\/div><\/div><\/div><\/div>    <\/div>\r\n<\/section>","protected":false},"excerpt":{"rendered":"","protected":false},"author":1,"featured_media":0,"parent":0,"menu_order":0,"comment_status":"closed","ping_status":"closed","template":"","meta":{"_acf_changed":false,"inline_featured_image":false,"footnotes":""},"class_list":["post-356","page","type-page","status-publish","hentry"],"acf":[],"yoast_head":"<!-- This site is optimized with the Yoast SEO plugin v27.4 - https:\/\/yoast.com\/product\/yoast-seo-wordpress\/ -->\n<title>Partners - WEARIN&#039;<\/title>\n<meta name=\"robots\" content=\"index, follow, max-snippet:-1, max-image-preview:large, max-video-preview:-1\" \/>\n<link rel=\"canonical\" href=\"https:\/\/wearin.tech\/fr\/partners-strategic-alliances\/\" \/>\n<meta property=\"og:locale\" content=\"fr_FR\" \/>\n<meta property=\"og:type\" content=\"article\" \/>\n<meta property=\"og:title\" content=\"Partners - WEARIN&#039;\" \/>\n<meta property=\"og:url\" content=\"https:\/\/wearin.tech\/fr\/partners-strategic-alliances\/\" \/>\n<meta property=\"og:site_name\" content=\"WEARIN&#039;\" \/>\n<meta property=\"article:modified_time\" content=\"2025-12-10T07:59:43+00:00\" \/>\n<meta name=\"twitter:card\" content=\"summary_large_image\" \/>\n<script type=\"application\/ld+json\" class=\"yoast-schema-graph\">{\"@context\":\"https:\\\/\\\/schema.org\",\"@graph\":[{\"@type\":\"WebPage\",\"@id\":\"https:\\\/\\\/wearin.tech\\\/partners-strategic-alliances\\\/\",\"url\":\"https:\\\/\\\/wearin.tech\\\/partners-strategic-alliances\\\/\",\"name\":\"Partners - WEARIN&#039;\",\"isPartOf\":{\"@id\":\"https:\\\/\\\/wearin.tech\\\/#website\"},\"datePublished\":\"2025-09-01T14:13:20+00:00\",\"dateModified\":\"2025-12-10T07:59:43+00:00\",\"breadcrumb\":{\"@id\":\"https:\\\/\\\/wearin.tech\\\/partners-strategic-alliances\\\/#breadcrumb\"},\"inLanguage\":\"fr-FR\",\"potentialAction\":[{\"@type\":\"ReadAction\",\"target\":[\"https:\\\/\\\/wearin.tech\\\/partners-strategic-alliances\\\/\"]}]},{\"@type\":\"BreadcrumbList\",\"@id\":\"https:\\\/\\\/wearin.tech\\\/partners-strategic-alliances\\\/#breadcrumb\",\"itemListElement\":[{\"@type\":\"ListItem\",\"position\":1,\"name\":\"Home\",\"item\":\"https:\\\/\\\/wearin.tech\\\/\"},{\"@type\":\"ListItem\",\"position\":2,\"name\":\"Partners\"}]},{\"@type\":\"WebSite\",\"@id\":\"https:\\\/\\\/wearin.tech\\\/#website\",\"url\":\"https:\\\/\\\/wearin.tech\\\/\",\"name\":\"WEARIN'\",\"description\":\"Smart safety IoT platform for the connected workers\",\"publisher\":{\"@id\":\"https:\\\/\\\/wearin.tech\\\/#organization\"},\"potentialAction\":[{\"@type\":\"SearchAction\",\"target\":{\"@type\":\"EntryPoint\",\"urlTemplate\":\"https:\\\/\\\/wearin.tech\\\/?s={search_term_string}\"},\"query-input\":{\"@type\":\"PropertyValueSpecification\",\"valueRequired\":true,\"valueName\":\"search_term_string\"}}],\"inLanguage\":\"fr-FR\"},{\"@type\":\"Organization\",\"@id\":\"https:\\\/\\\/wearin.tech\\\/#organization\",\"name\":\"WEARIN'\",\"url\":\"https:\\\/\\\/wearin.tech\\\/\",\"logo\":{\"@type\":\"ImageObject\",\"inLanguage\":\"fr-FR\",\"@id\":\"https:\\\/\\\/wearin.tech\\\/#\\\/schema\\\/logo\\\/image\\\/\",\"url\":\"https:\\\/\\\/wearin.tech\\\/wp-content\\\/uploads\\\/2025\\\/12\\\/Wearin_Part_of_Conextivity_Color_Center.png\",\"contentUrl\":\"https:\\\/\\\/wearin.tech\\\/wp-content\\\/uploads\\\/2025\\\/12\\\/Wearin_Part_of_Conextivity_Color_Center.png\",\"width\":1289,\"height\":500,\"caption\":\"WEARIN'\"},\"image\":{\"@id\":\"https:\\\/\\\/wearin.tech\\\/#\\\/schema\\\/logo\\\/image\\\/\"},\"sameAs\":[\"https:\\\/\\\/ch.linkedin.com\\\/company\\\/wearin\",\"https:\\\/\\\/youtube.com\\\/@wearin_conextivitygroup\"]}]}<\/script>\n<!-- \/ Yoast SEO plugin. -->","yoast_head_json":{"title":"Partenaires - WEARIN'","robots":{"index":"index","follow":"follow","max-snippet":"max-snippet:-1","max-image-preview":"max-image-preview:large","max-video-preview":"max-video-preview:-1"},"canonical":"https:\/\/wearin.tech\/fr\/partners-strategic-alliances\/","og_locale":"fr_FR","og_type":"article","og_title":"Partners - WEARIN&#039;","og_url":"https:\/\/wearin.tech\/fr\/partners-strategic-alliances\/","og_site_name":"WEARIN&#039;","article_modified_time":"2025-12-10T07:59:43+00:00","twitter_card":"summary_large_image","schema":{"@context":"https:\/\/schema.org","@graph":[{"@type":"WebPage","@id":"https:\/\/wearin.tech\/partners-strategic-alliances\/","url":"https:\/\/wearin.tech\/partners-strategic-alliances\/","name":"Partenaires - WEARIN'","isPartOf":{"@id":"https:\/\/wearin.tech\/#website"},"datePublished":"2025-09-01T14:13:20+00:00","dateModified":"2025-12-10T07:59:43+00:00","breadcrumb":{"@id":"https:\/\/wearin.tech\/partners-strategic-alliances\/#breadcrumb"},"inLanguage":"fr-FR","potentialAction":[{"@type":"ReadAction","target":["https:\/\/wearin.tech\/partners-strategic-alliances\/"]}]},{"@type":"BreadcrumbList","@id":"https:\/\/wearin.tech\/partners-strategic-alliances\/#breadcrumb","itemListElement":[{"@type":"ListItem","position":1,"name":"Home","item":"https:\/\/wearin.tech\/"},{"@type":"ListItem","position":2,"name":"Partners"}]},{"@type":"WebSite","@id":"https:\/\/wearin.tech\/#website","url":"https:\/\/wearin.tech\/","name":"PORTANT'","description":"Plateforme IoT de s\u00e9curit\u00e9 intelligente pour les travailleurs connect\u00e9s","publisher":{"@id":"https:\/\/wearin.tech\/#organization"},"potentialAction":[{"@type":"SearchAction","target":{"@type":"EntryPoint","urlTemplate":"https:\/\/wearin.tech\/?s={search_term_string}"},"query-input":{"@type":"PropertyValueSpecification","valueRequired":true,"valueName":"search_term_string"}}],"inLanguage":"fr-FR"},{"@type":"Organization","@id":"https:\/\/wearin.tech\/#organization","name":"PORTANT'","url":"https:\/\/wearin.tech\/","logo":{"@type":"ImageObject","inLanguage":"fr-FR","@id":"https:\/\/wearin.tech\/#\/schema\/logo\/image\/","url":"https:\/\/wearin.tech\/wp-content\/uploads\/2025\/12\/Wearin_Part_of_Conextivity_Color_Center.png","contentUrl":"https:\/\/wearin.tech\/wp-content\/uploads\/2025\/12\/Wearin_Part_of_Conextivity_Color_Center.png","width":1289,"height":500,"caption":"WEARIN'"},"image":{"@id":"https:\/\/wearin.tech\/#\/schema\/logo\/image\/"},"sameAs":["https:\/\/ch.linkedin.com\/company\/wearin","https:\/\/youtube.com\/@wearin_conextivitygroup"]}]}},"_links":{"self":[{"href":"https:\/\/wearin.tech\/fr\/wp-json\/wp\/v2\/pages\/356","targetHints":{"allow":["GET"]}}],"collection":[{"href":"https:\/\/wearin.tech\/fr\/wp-json\/wp\/v2\/pages"}],"about":[{"href":"https:\/\/wearin.tech\/fr\/wp-json\/wp\/v2\/types\/page"}],"author":[{"embeddable":true,"href":"https:\/\/wearin.tech\/fr\/wp-json\/wp\/v2\/users\/1"}],"replies":[{"embeddable":true,"href":"https:\/\/wearin.tech\/fr\/wp-json\/wp\/v2\/comments?post=356"}],"version-history":[{"count":16,"href":"https:\/\/wearin.tech\/fr\/wp-json\/wp\/v2\/pages\/356\/revisions"}],"predecessor-version":[{"id":1618,"href":"https:\/\/wearin.tech\/fr\/wp-json\/wp\/v2\/pages\/356\/revisions\/1618"}],"wp:attachment":[{"href":"https:\/\/wearin.tech\/fr\/wp-json\/wp\/v2\/media?parent=356"}],"curies":[{"name":"wp","href":"https:\/\/api.w.org\/{rel}","templated":true}]}}