{"id":337,"date":"2025-09-01T13:05:39","date_gmt":"2025-09-01T13:05:39","guid":{"rendered":"https:\/\/wearin.tech\/?page_id=337"},"modified":"2025-12-10T07:58:15","modified_gmt":"2025-12-10T07:58:15","slug":"career","status":"publish","type":"page","link":"https:\/\/wearin.tech\/fr\/career\/","title":{"rendered":"Carri\u00e8re"},"content":{"rendered":"<section class=\"page-hero2-section\" style=\"background-image: url(https:\/\/wearin.tech\/wp-content\/uploads\/2025\/11\/header_static_2560x1440_career.webp);\">\r\n        <div class=\"container\">\r\n        <div class=\"row align-items-end half-height\">\r\n            <div class=\"col-lg-10\">\r\n                <div class=\"section-title\"><h6>Carri\u00e8re<\/h6><h1>TRAVAILLER AVEC NOUS<\/h1><p>Si vous \u00eates passionn\u00e9 par l'humain, si vous vivez et respirez la technologie, et si vous aimez r\u00e9soudre des d\u00e9fis complexes en reliant les points.... Postulez maintenant et rejoignez l'\u00e9quipe !\u00a0<\/p><\/div>            <\/div>\r\n        <\/div>\r\n    <\/div>\r\n<\/section>\n\n<section class=\"jobs-section\" id=\"\">\r\n    <div class=\"container\">\r\n        <div class=\"row\">\r\n            <div class=\"col-12\">\r\n                <div class=\"text-block\"><h2>OPPORTUNIT\u00c9S D'EMPLOI<\/h2><p>Actuellement, nous n'avons pas de poste \u00e0 pourvoir. D\u00e9couvrez d'autres opportunit\u00e9s au sein de notre groupe.<\/p>\n<a class=\"c-btn light-btn\" href=\"https:\/\/conextivity.com\/careers\/\" target=\"_blank\">Page carri\u00e8re du groupe Conextivity \u2192<\/a><\/div>            <\/div>\r\n        <\/div>\r\n    <\/div>\r\n<\/section>","protected":false},"excerpt":{"rendered":"","protected":false},"author":1,"featured_media":0,"parent":0,"menu_order":0,"comment_status":"closed","ping_status":"closed","template":"","meta":{"_acf_changed":false,"inline_featured_image":false,"footnotes":""},"class_list":["post-337","page","type-page","status-publish","hentry"],"acf":[],"yoast_head":"<!-- This site is optimized with the Yoast SEO plugin v27.4 - https:\/\/yoast.com\/product\/yoast-seo-wordpress\/ -->\n<title>Career - WEARIN&#039;<\/title>\n<meta name=\"robots\" content=\"index, follow, max-snippet:-1, max-image-preview:large, max-video-preview:-1\" \/>\n<link rel=\"canonical\" href=\"https:\/\/wearin.tech\/fr\/career\/\" \/>\n<meta property=\"og:locale\" content=\"fr_FR\" \/>\n<meta property=\"og:type\" content=\"article\" \/>\n<meta property=\"og:title\" content=\"Career - WEARIN&#039;\" \/>\n<meta property=\"og:url\" content=\"https:\/\/wearin.tech\/fr\/career\/\" \/>\n<meta property=\"og:site_name\" content=\"WEARIN&#039;\" \/>\n<meta property=\"article:modified_time\" content=\"2025-12-10T07:58:15+00:00\" \/>\n<meta name=\"twitter:card\" content=\"summary_large_image\" \/>\n<script type=\"application\/ld+json\" class=\"yoast-schema-graph\">{\"@context\":\"https:\\\/\\\/schema.org\",\"@graph\":[{\"@type\":\"WebPage\",\"@id\":\"https:\\\/\\\/wearin.tech\\\/career\\\/\",\"url\":\"https:\\\/\\\/wearin.tech\\\/career\\\/\",\"name\":\"Career - WEARIN&#039;\",\"isPartOf\":{\"@id\":\"https:\\\/\\\/wearin.tech\\\/#website\"},\"datePublished\":\"2025-09-01T13:05:39+00:00\",\"dateModified\":\"2025-12-10T07:58:15+00:00\",\"breadcrumb\":{\"@id\":\"https:\\\/\\\/wearin.tech\\\/career\\\/#breadcrumb\"},\"inLanguage\":\"fr-FR\",\"potentialAction\":[{\"@type\":\"ReadAction\",\"target\":[\"https:\\\/\\\/wearin.tech\\\/career\\\/\"]}]},{\"@type\":\"BreadcrumbList\",\"@id\":\"https:\\\/\\\/wearin.tech\\\/career\\\/#breadcrumb\",\"itemListElement\":[{\"@type\":\"ListItem\",\"position\":1,\"name\":\"Home\",\"item\":\"https:\\\/\\\/wearin.tech\\\/\"},{\"@type\":\"ListItem\",\"position\":2,\"name\":\"Career\"}]},{\"@type\":\"WebSite\",\"@id\":\"https:\\\/\\\/wearin.tech\\\/#website\",\"url\":\"https:\\\/\\\/wearin.tech\\\/\",\"name\":\"WEARIN'\",\"description\":\"Smart safety IoT platform for the connected workers\",\"publisher\":{\"@id\":\"https:\\\/\\\/wearin.tech\\\/#organization\"},\"potentialAction\":[{\"@type\":\"SearchAction\",\"target\":{\"@type\":\"EntryPoint\",\"urlTemplate\":\"https:\\\/\\\/wearin.tech\\\/?s={search_term_string}\"},\"query-input\":{\"@type\":\"PropertyValueSpecification\",\"valueRequired\":true,\"valueName\":\"search_term_string\"}}],\"inLanguage\":\"fr-FR\"},{\"@type\":\"Organization\",\"@id\":\"https:\\\/\\\/wearin.tech\\\/#organization\",\"name\":\"WEARIN'\",\"url\":\"https:\\\/\\\/wearin.tech\\\/\",\"logo\":{\"@type\":\"ImageObject\",\"inLanguage\":\"fr-FR\",\"@id\":\"https:\\\/\\\/wearin.tech\\\/#\\\/schema\\\/logo\\\/image\\\/\",\"url\":\"https:\\\/\\\/wearin.tech\\\/wp-content\\\/uploads\\\/2025\\\/12\\\/Wearin_Part_of_Conextivity_Color_Center.png\",\"contentUrl\":\"https:\\\/\\\/wearin.tech\\\/wp-content\\\/uploads\\\/2025\\\/12\\\/Wearin_Part_of_Conextivity_Color_Center.png\",\"width\":1289,\"height\":500,\"caption\":\"WEARIN'\"},\"image\":{\"@id\":\"https:\\\/\\\/wearin.tech\\\/#\\\/schema\\\/logo\\\/image\\\/\"},\"sameAs\":[\"https:\\\/\\\/ch.linkedin.com\\\/company\\\/wearin\",\"https:\\\/\\\/youtube.com\\\/@wearin_conextivitygroup\"]}]}<\/script>\n<!-- \/ Yoast SEO plugin. -->","yoast_head_json":{"title":"Career - WEARIN&#039;","robots":{"index":"index","follow":"follow","max-snippet":"max-snippet:-1","max-image-preview":"max-image-preview:large","max-video-preview":"max-video-preview:-1"},"canonical":"https:\/\/wearin.tech\/fr\/career\/","og_locale":"fr_FR","og_type":"article","og_title":"Career - WEARIN&#039;","og_url":"https:\/\/wearin.tech\/fr\/career\/","og_site_name":"WEARIN&#039;","article_modified_time":"2025-12-10T07:58:15+00:00","twitter_card":"summary_large_image","schema":{"@context":"https:\/\/schema.org","@graph":[{"@type":"WebPage","@id":"https:\/\/wearin.tech\/career\/","url":"https:\/\/wearin.tech\/career\/","name":"Career - WEARIN&#039;","isPartOf":{"@id":"https:\/\/wearin.tech\/#website"},"datePublished":"2025-09-01T13:05:39+00:00","dateModified":"2025-12-10T07:58:15+00:00","breadcrumb":{"@id":"https:\/\/wearin.tech\/career\/#breadcrumb"},"inLanguage":"fr-FR","potentialAction":[{"@type":"ReadAction","target":["https:\/\/wearin.tech\/career\/"]}]},{"@type":"BreadcrumbList","@id":"https:\/\/wearin.tech\/career\/#breadcrumb","itemListElement":[{"@type":"ListItem","position":1,"name":"Home","item":"https:\/\/wearin.tech\/"},{"@type":"ListItem","position":2,"name":"Career"}]},{"@type":"WebSite","@id":"https:\/\/wearin.tech\/#website","url":"https:\/\/wearin.tech\/","name":"PORTANT'","description":"Plateforme IoT de s\u00e9curit\u00e9 intelligente pour les travailleurs connect\u00e9s","publisher":{"@id":"https:\/\/wearin.tech\/#organization"},"potentialAction":[{"@type":"SearchAction","target":{"@type":"EntryPoint","urlTemplate":"https:\/\/wearin.tech\/?s={search_term_string}"},"query-input":{"@type":"PropertyValueSpecification","valueRequired":true,"valueName":"search_term_string"}}],"inLanguage":"fr-FR"},{"@type":"Organization","@id":"https:\/\/wearin.tech\/#organization","name":"PORTANT'","url":"https:\/\/wearin.tech\/","logo":{"@type":"ImageObject","inLanguage":"fr-FR","@id":"https:\/\/wearin.tech\/#\/schema\/logo\/image\/","url":"https:\/\/wearin.tech\/wp-content\/uploads\/2025\/12\/Wearin_Part_of_Conextivity_Color_Center.png","contentUrl":"https:\/\/wearin.tech\/wp-content\/uploads\/2025\/12\/Wearin_Part_of_Conextivity_Color_Center.png","width":1289,"height":500,"caption":"WEARIN'"},"image":{"@id":"https:\/\/wearin.tech\/#\/schema\/logo\/image\/"},"sameAs":["https:\/\/ch.linkedin.com\/company\/wearin","https:\/\/youtube.com\/@wearin_conextivitygroup"]}]}},"_links":{"self":[{"href":"https:\/\/wearin.tech\/fr\/wp-json\/wp\/v2\/pages\/337","targetHints":{"allow":["GET"]}}],"collection":[{"href":"https:\/\/wearin.tech\/fr\/wp-json\/wp\/v2\/pages"}],"about":[{"href":"https:\/\/wearin.tech\/fr\/wp-json\/wp\/v2\/types\/page"}],"author":[{"embeddable":true,"href":"https:\/\/wearin.tech\/fr\/wp-json\/wp\/v2\/users\/1"}],"replies":[{"embeddable":true,"href":"https:\/\/wearin.tech\/fr\/wp-json\/wp\/v2\/comments?post=337"}],"version-history":[{"count":12,"href":"https:\/\/wearin.tech\/fr\/wp-json\/wp\/v2\/pages\/337\/revisions"}],"predecessor-version":[{"id":1873,"href":"https:\/\/wearin.tech\/fr\/wp-json\/wp\/v2\/pages\/337\/revisions\/1873"}],"wp:attachment":[{"href":"https:\/\/wearin.tech\/fr\/wp-json\/wp\/v2\/media?parent=337"}],"curies":[{"name":"wp","href":"https:\/\/api.w.org\/{rel}","templated":true}]}}