{"id":1324,"date":"2025-11-03T14:46:28","date_gmt":"2025-11-03T14:46:28","guid":{"rendered":"https:\/\/wearin.tech\/?page_id=1324"},"modified":"2025-12-04T12:33:21","modified_gmt":"2025-12-04T12:33:21","slug":"cookies-policy","status":"publish","type":"page","link":"https:\/\/wearin.tech\/fr\/cookies-policy\/","title":{"rendered":"Politique en mati\u00e8re de cookies"},"content":{"rendered":"<section class=\"page-hero2-section\" style=\"background-image: url(https:\/\/wearin.tech\/wp-content\/uploads\/2025\/11\/header_static_2560x1440_Partners-2.webp);\">\r\n        <div class=\"container\">\r\n        <div class=\"row align-items-end half-height\">\r\n            <div class=\"col-lg-10\">\r\n                <div class=\"section-title\"><h1>Politique en mati\u00e8re de cookies<\/h1><\/div>            <\/div>\r\n        <\/div>\r\n    <\/div>\r\n<\/section>\n\n<section class=\"content-single-section\">\r\n    <div class=\"container\">\r\n        <div class=\"row justify-content-center\">\r\n            <div class=\"col-lg-8\"><div class=\"text-block\"><div>\n<h3><strong>1. \u00c0 propos des cookies<\/strong><\/h3>\n<p>Un cookie est un fichier contenant un identifiant (une s\u00e9rie de lettres et de chiffres) qui est envoy\u00e9 par un serveur web \u00e0 un navigateur web et qui est stock\u00e9 par le navigateur. L'identifiant est ensuite renvoy\u00e9 au serveur chaque fois que le navigateur demande une page au serveur.<\/p>\n<p>Les cookies peuvent \u00eatre des cookies \u201cpersistants\u201d ou des cookies \u201cde session\u201d : un cookie persistant est stock\u00e9 par un navigateur web et reste valable jusqu'\u00e0 la date d'expiration fix\u00e9e, sauf s'il est supprim\u00e9 par l'utilisateur avant la date d'expiration ; un cookie de session, en revanche, expire \u00e0 la fin de la session de l'utilisateur, lorsque le navigateur web est ferm\u00e9.<\/p>\n<p>Les cookies ne contiennent g\u00e9n\u00e9ralement pas d'informations permettant d'identifier personnellement un utilisateur, mais les informations personnelles que nous stockons \u00e0 votre sujet peuvent \u00eatre li\u00e9es aux informations stock\u00e9es dans les cookies et obtenues \u00e0 partir de ceux-ci.<\/p>\n<p>&nbsp;<\/p>\n<\/div>\n<div>\n<h3><strong>2. Cookies que nous utilisons<\/strong><\/h3>\n<p>Sur notre site web et d'autres sites, pages et plates-formes connexes o\u00f9 nous communiquons avec vous (notre \u201csite web\u201d), nous utilisons des cookies aux fins suivantes :<\/p>\n<p>Cookies strictement n\u00e9cessaires : Ces cookies sont essentiels pour permettre aux utilisateurs de se d\u00e9placer sur le site et d'utiliser ses fonctions, telles que l'acc\u00e8s aux zones s\u00e9curis\u00e9es du site. Sans ces cookies, les services demand\u00e9s, comme le maintien de la connexion sur plusieurs pages (le cas \u00e9ch\u00e9ant), ne peuvent \u00eatre fournis.<\/p>\n<p>Certains cookies strictement n\u00e9cessaires que nous utilisons sur notre site Web :<\/p>\n<p>&nbsp;<\/p>\n<ul>\n<li><strong>Google Tag Manager<br \/>\nObjet :<\/strong>\u00a0Ce cookie est associ\u00e9 aux sites qui utilisent Google Tag Manager pour charger d'autres scripts et codes dans une page.<br \/>\n<strong>Type de cookie :\u00a0<\/strong>Strictement n\u00e9cessaire<br \/>\n<strong>Plus d'informations :\u00a0<\/strong><a href=\"https:\/\/www.google.com\/policies\/privacy\/\">https:\/\/www.google.com\/policies\/privacy\/<\/a><\/li>\n<\/ul>\n<p>&nbsp;<\/p>\n<ul>\n<li><strong>Consentement aux cookies GDPR<br \/>\nObjet :\u00a0<\/strong>Ce cookie nous permet de nous souvenir de votre choix concernant les cookies que vous acceptez d'installer.<br \/>\n<strong>Type de cookie :\u00a0<\/strong>Strictement n\u00e9cessaire<br \/>\n<strong>Plus d'informations :\u00a0<\/strong><a href=\"https:\/\/www.webtoffee.com\/cookies-in-gdpr-cookie-consent-plugin\/\">https:\/\/www.webtoffee.com\/cookies-in-gdpr-cookie-consent-plugin\/<\/a><\/li>\n<\/ul>\n<p>&nbsp;<\/p>\n<ul>\n<li><strong>Elementor<br \/>\nObjet :\u00a0<\/strong>Ce cookie est n\u00e9cessaire au bon affichage du th\u00e8me du site. Il ne collecte aucune donn\u00e9e.<br \/>\n<strong>Type de cookie :\u00a0<\/strong>Strictement n\u00e9cessaire<\/li>\n<\/ul>\n<\/div>\n<p>&nbsp;<\/p>\n<p>&nbsp;<\/p>\n<div>\n<p>Cookies de performance : Ces cookies recueillent des informations sur la mani\u00e8re dont les utilisateurs utilisent le site, par exemple les pages les plus consult\u00e9es et les messages d'erreur des pages web. Ces cookies ne recueillent pas d'informations permettant d'identifier les utilisateurs. Toutes les informations collect\u00e9es par ces cookies sont agr\u00e9g\u00e9es et donc anonymes. Elles ne sont utilis\u00e9es que pour am\u00e9liorer le fonctionnement du site. Ces cookies sont inclus dans la sous-section \u201cAnalytique\u201d de notre banni\u00e8re de cookies.<\/p>\n<p>&nbsp;<\/p>\n<p>Voici les cookies de performance que nous utilisons sur notre site web :<\/p>\n<p>&nbsp;<\/p>\n<ul>\n<li><strong>Google Analytics<br \/>\nObjet :<\/strong>\u00a0Il s'agit d'un outil de mesure de l'audience. Il fournit des statistiques sur l'utilisation du site web.<br \/>\n<strong>Type de cookie :\u00a0<\/strong>Performance<br \/>\n<strong>Plus d'informations :\u00a0<\/strong><a href=\"https:\/\/www.google.com\/policies\/privacy\/\">https:\/\/www.google.com\/policies\/privacy\/<\/a><\/li>\n<\/ul>\n<\/div>\n<p>&nbsp;<\/p>\n<p>&nbsp;<\/p>\n<div>\n<h4><strong>3. Gestion des cookies<\/strong><\/h4>\n<p>La plupart des navigateurs vous permettent de refuser, d'accepter et de supprimer les cookies. Les m\u00e9thodes pour ce faire varient d'un navigateur \u00e0 l'autre et d'une version \u00e0 l'autre. Vous pouvez utiliser notre\u00a0<a class=\"cky-banner-element\" href=\"https:\/\/wearin.tech\/fr\/cookies-policy\/\">Param\u00e8tres des cookies<\/a>.<\/p>\n<p>&nbsp;<\/p>\n<p>Le blocage de tous les cookies aura un impact n\u00e9gatif sur la convivialit\u00e9 de nombreux sites.<\/p>\n<p>&nbsp;<\/p>\n<p>Si vous bloquez les cookies, vous ne pourrez pas utiliser toutes les fonctionnalit\u00e9s de notre site web.<\/p>\n<p>&nbsp;<\/p>\n<p>Nous nous r\u00e9servons le droit d'apporter des modifications et des corrections \u00e0 la pr\u00e9sente politique en mati\u00e8re de cookies. Veuillez consulter cette page de temps \u00e0 autre pour prendre connaissance de ces modifications et de toute nouvelle information compl\u00e9mentaire.<\/p>\n<\/div>\n<div>\n<p>&nbsp;<\/p>\n<p>St-Prex, Conextivity Group SA - V 1.1, 27.09.2024<\/p>\n<\/div>\n<\/div><\/div>        <\/div>\r\n        <div class=\"row justify-content-center\">\r\n            <div class=\"col-lg-11\">\r\n                <div class=\"line\"><\/div>\r\n            <\/div>\r\n        <\/div>\r\n    <\/div>\r\n<\/section>","protected":false},"excerpt":{"rendered":"","protected":false},"author":3,"featured_media":0,"parent":0,"menu_order":0,"comment_status":"closed","ping_status":"closed","template":"","meta":{"_acf_changed":false,"inline_featured_image":false,"footnotes":""},"class_list":["post-1324","page","type-page","status-publish","hentry"],"acf":[],"yoast_head":"<!-- This site is optimized with the Yoast SEO plugin v27.4 - https:\/\/yoast.com\/product\/yoast-seo-wordpress\/ -->\n<title>Cookies policy - WEARIN&#039;<\/title>\n<meta name=\"robots\" content=\"index, follow, max-snippet:-1, max-image-preview:large, max-video-preview:-1\" \/>\n<link rel=\"canonical\" href=\"https:\/\/wearin.tech\/fr\/cookies-policy\/\" \/>\n<meta property=\"og:locale\" content=\"fr_FR\" \/>\n<meta property=\"og:type\" content=\"article\" \/>\n<meta property=\"og:title\" content=\"Cookies policy - WEARIN&#039;\" \/>\n<meta property=\"og:url\" content=\"https:\/\/wearin.tech\/fr\/cookies-policy\/\" \/>\n<meta property=\"og:site_name\" content=\"WEARIN&#039;\" \/>\n<meta property=\"article:modified_time\" content=\"2025-12-04T12:33:21+00:00\" \/>\n<meta name=\"twitter:card\" content=\"summary_large_image\" \/>\n<script type=\"application\/ld+json\" class=\"yoast-schema-graph\">{\"@context\":\"https:\\\/\\\/schema.org\",\"@graph\":[{\"@type\":\"WebPage\",\"@id\":\"https:\\\/\\\/wearin.tech\\\/cookies-policy\\\/\",\"url\":\"https:\\\/\\\/wearin.tech\\\/cookies-policy\\\/\",\"name\":\"Cookies policy - WEARIN&#039;\",\"isPartOf\":{\"@id\":\"https:\\\/\\\/wearin.tech\\\/#website\"},\"datePublished\":\"2025-11-03T14:46:28+00:00\",\"dateModified\":\"2025-12-04T12:33:21+00:00\",\"breadcrumb\":{\"@id\":\"https:\\\/\\\/wearin.tech\\\/cookies-policy\\\/#breadcrumb\"},\"inLanguage\":\"fr-FR\",\"potentialAction\":[{\"@type\":\"ReadAction\",\"target\":[\"https:\\\/\\\/wearin.tech\\\/cookies-policy\\\/\"]}]},{\"@type\":\"BreadcrumbList\",\"@id\":\"https:\\\/\\\/wearin.tech\\\/cookies-policy\\\/#breadcrumb\",\"itemListElement\":[{\"@type\":\"ListItem\",\"position\":1,\"name\":\"Home\",\"item\":\"https:\\\/\\\/wearin.tech\\\/\"},{\"@type\":\"ListItem\",\"position\":2,\"name\":\"Cookies policy\"}]},{\"@type\":\"WebSite\",\"@id\":\"https:\\\/\\\/wearin.tech\\\/#website\",\"url\":\"https:\\\/\\\/wearin.tech\\\/\",\"name\":\"WEARIN'\",\"description\":\"Smart safety IoT platform for the connected workers\",\"publisher\":{\"@id\":\"https:\\\/\\\/wearin.tech\\\/#organization\"},\"potentialAction\":[{\"@type\":\"SearchAction\",\"target\":{\"@type\":\"EntryPoint\",\"urlTemplate\":\"https:\\\/\\\/wearin.tech\\\/?s={search_term_string}\"},\"query-input\":{\"@type\":\"PropertyValueSpecification\",\"valueRequired\":true,\"valueName\":\"search_term_string\"}}],\"inLanguage\":\"fr-FR\"},{\"@type\":\"Organization\",\"@id\":\"https:\\\/\\\/wearin.tech\\\/#organization\",\"name\":\"WEARIN'\",\"url\":\"https:\\\/\\\/wearin.tech\\\/\",\"logo\":{\"@type\":\"ImageObject\",\"inLanguage\":\"fr-FR\",\"@id\":\"https:\\\/\\\/wearin.tech\\\/#\\\/schema\\\/logo\\\/image\\\/\",\"url\":\"https:\\\/\\\/wearin.tech\\\/wp-content\\\/uploads\\\/2025\\\/12\\\/Wearin_Part_of_Conextivity_Color_Center.png\",\"contentUrl\":\"https:\\\/\\\/wearin.tech\\\/wp-content\\\/uploads\\\/2025\\\/12\\\/Wearin_Part_of_Conextivity_Color_Center.png\",\"width\":1289,\"height\":500,\"caption\":\"WEARIN'\"},\"image\":{\"@id\":\"https:\\\/\\\/wearin.tech\\\/#\\\/schema\\\/logo\\\/image\\\/\"},\"sameAs\":[\"https:\\\/\\\/ch.linkedin.com\\\/company\\\/wearin\",\"https:\\\/\\\/youtube.com\\\/@wearin_conextivitygroup\"]}]}<\/script>\n<!-- \/ Yoast SEO plugin. -->","yoast_head_json":{"title":"Cookies policy - WEARIN&#039;","robots":{"index":"index","follow":"follow","max-snippet":"max-snippet:-1","max-image-preview":"max-image-preview:large","max-video-preview":"max-video-preview:-1"},"canonical":"https:\/\/wearin.tech\/fr\/cookies-policy\/","og_locale":"fr_FR","og_type":"article","og_title":"Cookies policy - WEARIN&#039;","og_url":"https:\/\/wearin.tech\/fr\/cookies-policy\/","og_site_name":"WEARIN&#039;","article_modified_time":"2025-12-04T12:33:21+00:00","twitter_card":"summary_large_image","schema":{"@context":"https:\/\/schema.org","@graph":[{"@type":"WebPage","@id":"https:\/\/wearin.tech\/cookies-policy\/","url":"https:\/\/wearin.tech\/cookies-policy\/","name":"Cookies policy - WEARIN&#039;","isPartOf":{"@id":"https:\/\/wearin.tech\/#website"},"datePublished":"2025-11-03T14:46:28+00:00","dateModified":"2025-12-04T12:33:21+00:00","breadcrumb":{"@id":"https:\/\/wearin.tech\/cookies-policy\/#breadcrumb"},"inLanguage":"fr-FR","potentialAction":[{"@type":"ReadAction","target":["https:\/\/wearin.tech\/cookies-policy\/"]}]},{"@type":"BreadcrumbList","@id":"https:\/\/wearin.tech\/cookies-policy\/#breadcrumb","itemListElement":[{"@type":"ListItem","position":1,"name":"Home","item":"https:\/\/wearin.tech\/"},{"@type":"ListItem","position":2,"name":"Cookies policy"}]},{"@type":"WebSite","@id":"https:\/\/wearin.tech\/#website","url":"https:\/\/wearin.tech\/","name":"PORTANT'","description":"Plateforme IoT de s\u00e9curit\u00e9 intelligente pour les travailleurs connect\u00e9s","publisher":{"@id":"https:\/\/wearin.tech\/#organization"},"potentialAction":[{"@type":"SearchAction","target":{"@type":"EntryPoint","urlTemplate":"https:\/\/wearin.tech\/?s={search_term_string}"},"query-input":{"@type":"PropertyValueSpecification","valueRequired":true,"valueName":"search_term_string"}}],"inLanguage":"fr-FR"},{"@type":"Organization","@id":"https:\/\/wearin.tech\/#organization","name":"PORTANT'","url":"https:\/\/wearin.tech\/","logo":{"@type":"ImageObject","inLanguage":"fr-FR","@id":"https:\/\/wearin.tech\/#\/schema\/logo\/image\/","url":"https:\/\/wearin.tech\/wp-content\/uploads\/2025\/12\/Wearin_Part_of_Conextivity_Color_Center.png","contentUrl":"https:\/\/wearin.tech\/wp-content\/uploads\/2025\/12\/Wearin_Part_of_Conextivity_Color_Center.png","width":1289,"height":500,"caption":"WEARIN'"},"image":{"@id":"https:\/\/wearin.tech\/#\/schema\/logo\/image\/"},"sameAs":["https:\/\/ch.linkedin.com\/company\/wearin","https:\/\/youtube.com\/@wearin_conextivitygroup"]}]}},"_links":{"self":[{"href":"https:\/\/wearin.tech\/fr\/wp-json\/wp\/v2\/pages\/1324","targetHints":{"allow":["GET"]}}],"collection":[{"href":"https:\/\/wearin.tech\/fr\/wp-json\/wp\/v2\/pages"}],"about":[{"href":"https:\/\/wearin.tech\/fr\/wp-json\/wp\/v2\/types\/page"}],"author":[{"embeddable":true,"href":"https:\/\/wearin.tech\/fr\/wp-json\/wp\/v2\/users\/3"}],"replies":[{"embeddable":true,"href":"https:\/\/wearin.tech\/fr\/wp-json\/wp\/v2\/comments?post=1324"}],"version-history":[{"count":9,"href":"https:\/\/wearin.tech\/fr\/wp-json\/wp\/v2\/pages\/1324\/revisions"}],"predecessor-version":[{"id":2263,"href":"https:\/\/wearin.tech\/fr\/wp-json\/wp\/v2\/pages\/1324\/revisions\/2263"}],"wp:attachment":[{"href":"https:\/\/wearin.tech\/fr\/wp-json\/wp\/v2\/media?parent=1324"}],"curies":[{"name":"wp","href":"https:\/\/api.w.org\/{rel}","templated":true}]}}